{"id":110,"date":"2021-08-12T09:14:17","date_gmt":"2021-08-12T07:14:17","guid":{"rendered":"https:\/\/crater.cat\/?page_id=110"},"modified":"2024-06-01T21:07:09","modified_gmt":"2024-06-01T19:07:09","slug":"contacte","status":"publish","type":"page","link":"https:\/\/crater.cat\/index.php\/contacte\/","title":{"rendered":"Contacte"},"content":{"rendered":"\n<p>Per qualsevol tema relacionat amb la tasca editorial, propostes, informaci\u00f3 sobre la distribuci\u00f3, etc., podeu fer servir el formulari de sota o les adreces de continuaci\u00f3.<\/p>\n\n\n<div class=\"wp-block-jetpack-contact-form is-layout-flex wp-container-jetpack-contact-form-is-layout-faa3ad1c wp-block-jetpack-contact-form-is-layout-flex\"><a href=\"https:\/\/crater.cat\/index.php\/contacte\/\" target=\"_blank\" rel=\"noopener noreferrer\">Envia un formulari.<\/a><\/div>\n\n\n<div class=\"wp-block-columns is-layout-flex wp-container-core-columns-is-layout-9d6595d7 wp-block-columns-is-layout-flex\">\n<div class=\"wp-block-column is-layout-flow wp-block-column-is-layout-flow\">\n<p><strong><span style=\"text-decoration: underline;\">Contacte<\/span><\/strong><\/p>\n\n\n\n<p><strong>Edicions del Cr\u00e0ter, SCP<\/strong><\/p>\n\n\n\n<p><a href=\"mailto:info@crater.cat\">info@crater.cat<\/a><\/p>\n\n\n\n<p>twitter: <a href=\"https:\/\/twitter.com\/CraterEdicions\" target=\"_blank\" rel=\"noreferrer noopener\">@crateredicions<\/a><\/p>\n\n\n\n<p>instagram: <a href=\"https:\/\/www.instagram.com\/edicionsdelcrater\/\" target=\"_blank\" rel=\"noreferrer noopener\">@edicionsdelcrater<\/a><\/p>\n<\/div>\n\n\n\n<div class=\"wp-block-column is-layout-flow wp-block-column-is-layout-flow\">\n<p><strong><span style=\"text-decoration: underline;\">Distribuci\u00f3<\/span><\/strong><\/p>\n\n\n\n<p>UDL Libros<\/p>\n\n\n\n<p><a href=\"https:\/\/www.udllibros.com\">https:\/\/www.udllibros.com<\/a><\/p>\n\n\n\n<p><a href=\"mailto:info@udllibros.com\">info@udllibros.com<\/a><\/p>\n\n\n\n<p>932 26 27 64<\/p>\n<\/div>\n<\/div>\n\n\n\n<div style=\"height:100px\" aria-hidden=\"true\" class=\"wp-block-spacer\"><\/div>\n\n\n\n<p><strong><span style=\"text-decoration: underline;\">Originals<\/span><\/strong><\/p>\n\n\n\n<p>Edicions del Cr\u00e0ter es centra en texts d&#8217;autors que ja han passat a formar part de la hist\u00f2ria de la literatura. Tot i aix\u00ed, no ens tanquem a publicar, algun dia, autors catalans d&#8217;avui en dia. Si teniu un original, el podeu enviar a <a href=\"mailto:info@crater.cat\">info@crater.cat<\/a>. Aix\u00f2 s\u00ed, recordeu que tenim dues col\u00b7leccions, una d&#8217;escrits autobiogr\u00e0fics i una de relats curts. Si us plau, si el vostre text no entra en cap d&#8217;aquests dos camps, no l&#8217;envieu.<\/p>\n","protected":false},"excerpt":{"rendered":"<p>Per qualsevol tema relacionat amb la tasca editorial, propostes, informaci\u00f3 sobre la distribuci\u00f3, etc., podeu fer servir el formulari de sota o les adreces de continuaci\u00f3. Contacte Edicions del Cr\u00e0ter, SCP info@crater.cat twitter: @crateredicions instagram: @edicionsdelcrater Distribuci\u00f3 UDL Libros https:\/\/www.udllibros.com [&hellip;]<\/p>\n","protected":false},"author":1,"featured_media":0,"parent":0,"menu_order":0,"comment_status":"closed","ping_status":"closed","template":"","meta":{"cybocfi_hide_featured_image":"","footnotes":""},"class_list":["post-110","page","type-page","status-publish","hentry"],"aioseo_notices":[],"jetpack_sharing_enabled":true,"jetpack-related-posts":[{"id":1667,"url":"https:\/\/crater.cat\/index.php\/logo\/","url_meta":{"origin":110,"position":0},"title":"Logotip d&#8217;Edicions del Cr\u00e0ter","author":"Edicions del Cr\u00e0ter","date":"22\/05\/2023","format":false,"excerpt":"Aqu\u00ed podeu descarregar-vos el logotip d'Edicions del Cr\u00e0ter per fer els vostres cartells. Us l'oferim en dues versions, cadascuna en jpg i png: Logotip Edicions del Cr\u00e0ter - Horitzontal dues l\u00ednies Baixa Logotip Edicions del Cr\u00e0ter - Vertical centrat Baixa Si el necessiteu en un format diferent, si us plau,\u2026","rel":"","context":"Entrada similar","block_context":{"text":"Entrada similar","link":""},"img":{"alt_text":"","src":"","width":0,"height":0},"classes":[]},{"id":226,"url":"https:\/\/crater.cat\/index.php\/reemborsaments_devolucions\/","url_meta":{"origin":110,"position":1},"title":"Pol\u00edtica de reemborsaments i devolucions","author":"Edicions del Cr\u00e0ter","date":"27\/10\/2021","format":false,"excerpt":"Les comandes es poden cancel\u00b7lar sense cap cost fins al moment en que l\u2019enviament es fa efectiu. Si rebem av\u00eds de cancel\u00b7laci\u00f3 un cop el paquet ja estigui enviat, es considerar\u00e0 una devoluci\u00f3. Edicions del Crater, SCP accepta les devolucions sota les condicions seg\u00fcents: Les devolucions poden fer-se fins a\u2026","rel":"","context":"Entrada similar","block_context":{"text":"Entrada similar","link":""},"img":{"alt_text":"","src":"","width":0,"height":0},"classes":[]},{"id":3,"url":"https:\/\/crater.cat\/index.php\/privacy-policy\/","url_meta":{"origin":110,"position":2},"title":"Pol\u00edtica de privadesa","author":"Edicions del Cr\u00e0ter","date":"07\/04\/2021","format":false,"excerpt":"De conformitat amb el Reglament Europeu 2016\/679 (RGPD) del Parlament Europeu i del Consell de 27 d'abril de 2016 relatiu a la protecci\u00f3 de les persones f\u00edsiques pel que fa al tractament de dades personals i a la lliure circulaci\u00f3 d'aquestes dades, i la LLei 3\/2018 (LOPD-GDD) de Protecci\u00f3 de\u2026","rel":"","context":"Entrada similar","block_context":{"text":"Entrada similar","link":""},"img":{"alt_text":"","src":"","width":0,"height":0},"classes":[]}],"jetpack_shortlink":"https:\/\/wp.me\/PcY4IF-1M","_links":{"self":[{"href":"https:\/\/crater.cat\/index.php\/wp-json\/wp\/v2\/pages\/110","targetHints":{"allow":["GET"]}}],"collection":[{"href":"https:\/\/crater.cat\/index.php\/wp-json\/wp\/v2\/pages"}],"about":[{"href":"https:\/\/crater.cat\/index.php\/wp-json\/wp\/v2\/types\/page"}],"author":[{"embeddable":true,"href":"https:\/\/crater.cat\/index.php\/wp-json\/wp\/v2\/users\/1"}],"replies":[{"embeddable":true,"href":"https:\/\/crater.cat\/index.php\/wp-json\/wp\/v2\/comments?post=110"}],"version-history":[{"count":9,"href":"https:\/\/crater.cat\/index.php\/wp-json\/wp\/v2\/pages\/110\/revisions"}],"predecessor-version":[{"id":2519,"href":"https:\/\/crater.cat\/index.php\/wp-json\/wp\/v2\/pages\/110\/revisions\/2519"}],"wp:attachment":[{"href":"https:\/\/crater.cat\/index.php\/wp-json\/wp\/v2\/media?parent=110"}],"curies":[{"name":"wp","href":"https:\/\/api.w.org\/{rel}","templated":true}]}}