{"id":226,"date":"2021-10-27T11:32:19","date_gmt":"2021-10-27T09:32:19","guid":{"rendered":"https:\/\/crater.cat\/?page_id=226"},"modified":"2021-10-27T11:32:21","modified_gmt":"2021-10-27T09:32:21","slug":"reemborsaments_devolucions","status":"publish","type":"page","link":"https:\/\/crater.cat\/index.php\/reemborsaments_devolucions\/","title":{"rendered":"Pol\u00edtica de reemborsaments i devolucions"},"content":{"rendered":"\n<p>Les comandes es poden cancel\u00b7lar sense cap cost fins al moment en que l\u2019enviament es fa efectiu. Si rebem av\u00eds de cancel\u00b7laci\u00f3 un cop el paquet ja estigui enviat, es considerar\u00e0 una devoluci\u00f3. Edicions del Crater, SCP accepta les devolucions sota les condicions seg\u00fcents: <\/p>\n\n\n\n<p>Les devolucions poden fer-se fins a 14 dies naturals a partir de la recepci\u00f3 del producte segons les especificacions exposades a continuaci\u00f3. No es podr\u00e0 exercir el dret de devoluci\u00f3 quan hi hagi indicis que els productes han estat manipulats o exposats a condicions inadequades.<\/p>\n\n\n\n<p>\u00c9s obligatori tornar els productes protegits correctament, en el seu embalatge original o similar, en perfecte estat per a la seva venda posterior. <\/p>\n\n\n\n<p>La devoluci\u00f3 dels productes sol\u00b7licitats donar\u00e0 lloc al reemborsament de la totalitat de les quantitats abonades pel usuari. El cost de devoluci\u00f3 ser\u00e0 assumit pel usuari. Quedan excloses d\u2019aquest cas aquelles devolucions que es derivin d\u2019un error nostre o d\u2019algun defecte del producte. En aquest cas,\u00a0Edicions del Cr\u00e0ter\u00a0es compromet a canviar el producte defectu\u00f3s per un altre igual o es reintegrar\u00e0 l\u2019import.<\/p>\n\n\n\n<p>Tamb\u00e9 es far\u00e0 c\u00e0rrec de les despeses de devoluci\u00f3 i posterior enviament. Per fer efectiva una devoluci\u00f3 poseu-vos en contacte amb nosaltres al tel\u00e8fon 600434836.<\/p>\n\n\n\n<p>L\u2019usuari rebr\u00e0 un correu electr\u00f2nic acusant el rebut de la comunicaci\u00f3 de la devoluci\u00f3. No acceptarem cap canvi o devoluci\u00f3 si pr\u00e8viament no hem rebut cap notificaci\u00f3.<\/p>\n","protected":false},"excerpt":{"rendered":"<p>Les comandes es poden cancel\u00b7lar sense cap cost fins al moment en que l\u2019enviament es fa efectiu. Si rebem av\u00eds de cancel\u00b7laci\u00f3 un cop el paquet ja estigui enviat, es considerar\u00e0 una devoluci\u00f3. Edicions del Crater, SCP accepta les devolucions [&hellip;]<\/p>\n","protected":false},"author":1,"featured_media":0,"parent":0,"menu_order":0,"comment_status":"closed","ping_status":"closed","template":"","meta":{"cybocfi_hide_featured_image":"","footnotes":""},"class_list":["post-226","page","type-page","status-publish","hentry"],"aioseo_notices":[],"jetpack_sharing_enabled":true,"jetpack-related-posts":[{"id":3,"url":"https:\/\/crater.cat\/index.php\/privacy-policy\/","url_meta":{"origin":226,"position":0},"title":"Pol\u00edtica de privadesa","author":"Edicions del Cr\u00e0ter","date":"07\/04\/2021","format":false,"excerpt":"De conformitat amb el Reglament Europeu 2016\/679 (RGPD) del Parlament Europeu i del Consell de 27 d'abril de 2016 relatiu a la protecci\u00f3 de les persones f\u00edsiques pel que fa al tractament de dades personals i a la lliure circulaci\u00f3 d'aquestes dades, i la LLei 3\/2018 (LOPD-GDD) de Protecci\u00f3 de\u2026","rel":"","context":"Entrada similar","block_context":{"text":"Entrada similar","link":""},"img":{"alt_text":"","src":"","width":0,"height":0},"classes":[]},{"id":110,"url":"https:\/\/crater.cat\/index.php\/contacte\/","url_meta":{"origin":226,"position":1},"title":"Contacte","author":"Edicions del Cr\u00e0ter","date":"12\/08\/2021","format":false,"excerpt":"Per qualsevol tema relacionat amb la tasca editorial, propostes, informaci\u00f3 sobre la distribuci\u00f3, etc., podeu fer servir el formulari de sota o les adreces de continuaci\u00f3. Contacte Edicions del Cr\u00e0ter, SCP info@crater.cat twitter: @crateredicions instagram: @edicionsdelcrater Distribuci\u00f3 UDL Libros https:\/\/www.udllibros.com info@udllibros.com 932 26 27 64 Originals Edicions del Cr\u00e0ter es\u2026","rel":"","context":"Entrada similar","block_context":{"text":"Entrada similar","link":""},"img":{"alt_text":"","src":"","width":0,"height":0},"classes":[]},{"id":40,"url":"https:\/\/crater.cat\/index.php\/renart\/","url_meta":{"origin":226,"position":2},"title":"Renart","author":"Edicions del Cr\u00e0ter","date":"07\/04\/2021","format":false,"excerpt":"El relat, el conte o la novel\u00b7la curta ha estat sempre terreny de la concisi\u00f3 i l\u2019ast\u00facia. Anomenada renart en els llibres de Ramon Llull, la guineu, rabosa o guilla \u00e9s la personificaci\u00f3 faul\u00edstica d\u2019aquest arquetip, la que sap treure profit de les batalles entre els animals m\u00e9s grans, la\u2026","rel":"","context":"Entrada similar","block_context":{"text":"Entrada similar","link":""},"img":{"alt_text":"","src":"","width":0,"height":0},"classes":[]},{"id":107,"url":"https:\/\/crater.cat\/index.php\/qui-som\/","url_meta":{"origin":226,"position":3},"title":"El cr\u00e0ter","author":"Edicions del Cr\u00e0ter","date":"12\/08\/2021","format":false,"excerpt":"Edicions del Cr\u00e0ter \u00e9s un projecte independent que neix per publicar llibres en catal\u00e0, ja siguin traduccions com autors del pa\u00eds, d\u2019autors que han deixat una empremta en la hist\u00f2ria de les lletres i que segueixen dialogant amb el nostre present. La voluntat \u00e9s fer-ho amb un catal\u00e0 contemporani que\u2026","rel":"","context":"Entrada similar","block_context":{"text":"Entrada similar","link":""},"img":{"alt_text":"","src":"https:\/\/i0.wp.com\/crater.cat\/wp-content\/uploads\/2021\/09\/Crater-logo-V2L-C-AAFF-5.jpg?resize=350%2C200&ssl=1","width":350,"height":200,"srcset":"https:\/\/i0.wp.com\/crater.cat\/wp-content\/uploads\/2021\/09\/Crater-logo-V2L-C-AAFF-5.jpg?resize=350%2C200&ssl=1 1x, https:\/\/i0.wp.com\/crater.cat\/wp-content\/uploads\/2021\/09\/Crater-logo-V2L-C-AAFF-5.jpg?resize=525%2C300&ssl=1 1.5x, https:\/\/i0.wp.com\/crater.cat\/wp-content\/uploads\/2021\/09\/Crater-logo-V2L-C-AAFF-5.jpg?resize=700%2C400&ssl=1 2x, https:\/\/i0.wp.com\/crater.cat\/wp-content\/uploads\/2021\/09\/Crater-logo-V2L-C-AAFF-5.jpg?resize=1050%2C600&ssl=1 3x"},"classes":[]},{"id":42,"url":"https:\/\/crater.cat\/index.php\/magnetar\/","url_meta":{"origin":226,"position":4},"title":"Magnetar","author":"Edicions del Cr\u00e0ter","date":"07\/04\/2021","format":false,"excerpt":"Les vides de les grans persones tenen un poder magn\u00e8tic que ens captiva l\u2019atenci\u00f3 i ens arrossega a voler saber m\u00e9s coses d\u2019elles, volem saber qu\u00e8 pensaven en la seva intimitat i viatjar al seient de darrere el seu cotxe, volem entrar a casa seva, viure amb ells l\u2019amor, el\u2026","rel":"","context":"Entrada similar","block_context":{"text":"Entrada similar","link":""},"img":{"alt_text":"","src":"","width":0,"height":0},"classes":[]},{"id":2006,"url":"https:\/\/crater.cat\/index.php\/cataleg\/","url_meta":{"origin":226,"position":5},"title":"Cat\u00e0leg","author":"Edicions del Cr\u00e0ter","date":"13\/03\/2024","format":false,"excerpt":"Aqu\u00ed podeu descarregar-vos el cat\u00e0leg d'Edicions del Cr\u00e0ter. Descarrega el fitxer Els nostres llibres: Algunes entrades al blog:","rel":"","context":"Entrada similar","block_context":{"text":"Entrada similar","link":""},"img":{"alt_text":"","src":"https:\/\/i0.wp.com\/crater.cat\/wp-content\/uploads\/2021\/08\/Crater-logo-V2L-C-AAFF-3.jpg?fit=596%2C484&ssl=1&resize=350%2C200","width":350,"height":200,"srcset":"https:\/\/i0.wp.com\/crater.cat\/wp-content\/uploads\/2021\/08\/Crater-logo-V2L-C-AAFF-3.jpg?fit=596%2C484&ssl=1&resize=350%2C200 1x, https:\/\/i0.wp.com\/crater.cat\/wp-content\/uploads\/2021\/08\/Crater-logo-V2L-C-AAFF-3.jpg?fit=596%2C484&ssl=1&resize=525%2C300 1.5x"},"classes":[]}],"jetpack_shortlink":"https:\/\/wp.me\/PcY4IF-3E","_links":{"self":[{"href":"https:\/\/crater.cat\/index.php\/wp-json\/wp\/v2\/pages\/226","targetHints":{"allow":["GET"]}}],"collection":[{"href":"https:\/\/crater.cat\/index.php\/wp-json\/wp\/v2\/pages"}],"about":[{"href":"https:\/\/crater.cat\/index.php\/wp-json\/wp\/v2\/types\/page"}],"author":[{"embeddable":true,"href":"https:\/\/crater.cat\/index.php\/wp-json\/wp\/v2\/users\/1"}],"replies":[{"embeddable":true,"href":"https:\/\/crater.cat\/index.php\/wp-json\/wp\/v2\/comments?post=226"}],"version-history":[{"count":2,"href":"https:\/\/crater.cat\/index.php\/wp-json\/wp\/v2\/pages\/226\/revisions"}],"predecessor-version":[{"id":442,"href":"https:\/\/crater.cat\/index.php\/wp-json\/wp\/v2\/pages\/226\/revisions\/442"}],"wp:attachment":[{"href":"https:\/\/crater.cat\/index.php\/wp-json\/wp\/v2\/media?parent=226"}],"curies":[{"name":"wp","href":"https:\/\/api.w.org\/{rel}","templated":true}]}}