{"id":2985,"date":"2025-02-15T22:49:34","date_gmt":"2025-02-15T21:49:34","guid":{"rendered":"https:\/\/crater.cat\/?page_id=2985"},"modified":"2025-02-15T22:49:37","modified_gmt":"2025-02-15T21:49:37","slug":"declaracio-ecologica","status":"publish","type":"page","link":"https:\/\/crater.cat\/index.php\/declaracio-ecologica\/","title":{"rendered":"Declaraci\u00f3 ecol\u00f2gica"},"content":{"rendered":"\n<p>A Edicions del Cr\u00e0ter, estem compromesos amb la sostenibilitat i el respecte pel medi ambient. Per aix\u00f2, els nostres llibres estan impresos en paper amb certificaci\u00f3 <strong>PEFC (Programme for the Endorsement of Forest Certification)<\/strong>, una garantia que prov\u00e9 de boscos gestionats de manera responsable i de fonts controlades.<\/p>\n\n\n\n<p>Aquesta certificaci\u00f3 assegura que el paper utilitzat compleix amb estrictes criteris ambientals, socials i econ\u00f2mics, afavorint la conservaci\u00f3 dels ecosistemes forestals i el benestar de les comunitats que en depenen.<\/p>\n\n\n\n<p>A m\u00e9s de reduir l\u2019impacte ambiental de les nostres publicacions, volem conscienciar sobre la import\u00e0ncia de tenir cura del medi ambient i fomentar h\u00e0bits m\u00e9s responsables en el consum de paper i altres recursos naturals. Creiem que cada petita acci\u00f3 compta per construir un futur m\u00e9s sostenible.<\/p>\n\n\n\n<p><\/p>\n","protected":false},"excerpt":{"rendered":"<p>A Edicions del Cr\u00e0ter, estem compromesos amb la sostenibilitat i el respecte pel medi ambient. Per aix\u00f2, els nostres llibres estan impresos en paper amb certificaci\u00f3 PEFC (Programme for the Endorsement of Forest Certification), una garantia que prov\u00e9 de boscos [&hellip;]<\/p>\n","protected":false},"author":1,"featured_media":0,"parent":0,"menu_order":0,"comment_status":"closed","ping_status":"closed","template":"","meta":{"cybocfi_hide_featured_image":"","footnotes":""},"class_list":["post-2985","page","type-page","status-publish","hentry"],"aioseo_notices":[],"jetpack_sharing_enabled":true,"jetpack-related-posts":[{"id":3,"url":"https:\/\/crater.cat\/index.php\/privacy-policy\/","url_meta":{"origin":2985,"position":0},"title":"Pol\u00edtica de privadesa","author":"Edicions del Cr\u00e0ter","date":"07\/04\/2021","format":false,"excerpt":"De conformitat amb el Reglament Europeu 2016\/679 (RGPD) del Parlament Europeu i del Consell de 27 d'abril de 2016 relatiu a la protecci\u00f3 de les persones f\u00edsiques pel que fa al tractament de dades personals i a la lliure circulaci\u00f3 d'aquestes dades, i la LLei 3\/2018 (LOPD-GDD) de Protecci\u00f3 de\u2026","rel":"","context":"Entrada similar","block_context":{"text":"Entrada similar","link":""},"img":{"alt_text":"","src":"","width":0,"height":0},"classes":[]},{"id":40,"url":"https:\/\/crater.cat\/index.php\/renart\/","url_meta":{"origin":2985,"position":1},"title":"Renart","author":"Edicions del Cr\u00e0ter","date":"07\/04\/2021","format":false,"excerpt":"El relat, el conte o la novel\u00b7la curta ha estat sempre terreny de la concisi\u00f3 i l\u2019ast\u00facia. Anomenada renart en els llibres de Ramon Llull, la guineu, rabosa o guilla \u00e9s la personificaci\u00f3 faul\u00edstica d\u2019aquest arquetip, la que sap treure profit de les batalles entre els animals m\u00e9s grans, la\u2026","rel":"","context":"Entrada similar","block_context":{"text":"Entrada similar","link":""},"img":{"alt_text":"","src":"","width":0,"height":0},"classes":[]},{"id":107,"url":"https:\/\/crater.cat\/index.php\/qui-som\/","url_meta":{"origin":2985,"position":2},"title":"El cr\u00e0ter","author":"Edicions del Cr\u00e0ter","date":"12\/08\/2021","format":false,"excerpt":"Edicions del Cr\u00e0ter \u00e9s un projecte independent que neix per publicar llibres en catal\u00e0, ja siguin traduccions com autors del pa\u00eds, d\u2019autors que han deixat una empremta en la hist\u00f2ria de les lletres i que segueixen dialogant amb el nostre present. La voluntat \u00e9s fer-ho amb un catal\u00e0 contemporani que\u2026","rel":"","context":"Entrada similar","block_context":{"text":"Entrada similar","link":""},"img":{"alt_text":"","src":"https:\/\/i0.wp.com\/crater.cat\/wp-content\/uploads\/2021\/09\/Crater-logo-V2L-C-AAFF-5.jpg?resize=350%2C200&ssl=1","width":350,"height":200,"srcset":"https:\/\/i0.wp.com\/crater.cat\/wp-content\/uploads\/2021\/09\/Crater-logo-V2L-C-AAFF-5.jpg?resize=350%2C200&ssl=1 1x, https:\/\/i0.wp.com\/crater.cat\/wp-content\/uploads\/2021\/09\/Crater-logo-V2L-C-AAFF-5.jpg?resize=525%2C300&ssl=1 1.5x, https:\/\/i0.wp.com\/crater.cat\/wp-content\/uploads\/2021\/09\/Crater-logo-V2L-C-AAFF-5.jpg?resize=700%2C400&ssl=1 2x, https:\/\/i0.wp.com\/crater.cat\/wp-content\/uploads\/2021\/09\/Crater-logo-V2L-C-AAFF-5.jpg?resize=1050%2C600&ssl=1 3x"},"classes":[]},{"id":42,"url":"https:\/\/crater.cat\/index.php\/magnetar\/","url_meta":{"origin":2985,"position":3},"title":"Magnetar","author":"Edicions del Cr\u00e0ter","date":"07\/04\/2021","format":false,"excerpt":"Les vides de les grans persones tenen un poder magn\u00e8tic que ens captiva l\u2019atenci\u00f3 i ens arrossega a voler saber m\u00e9s coses d\u2019elles, volem saber qu\u00e8 pensaven en la seva intimitat i viatjar al seient de darrere el seu cotxe, volem entrar a casa seva, viure amb ells l\u2019amor, el\u2026","rel":"","context":"Entrada similar","block_context":{"text":"Entrada similar","link":""},"img":{"alt_text":"","src":"","width":0,"height":0},"classes":[]},{"id":226,"url":"https:\/\/crater.cat\/index.php\/reemborsaments_devolucions\/","url_meta":{"origin":2985,"position":4},"title":"Pol\u00edtica de reemborsaments i devolucions","author":"Edicions del Cr\u00e0ter","date":"27\/10\/2021","format":false,"excerpt":"Les comandes es poden cancel\u00b7lar sense cap cost fins al moment en que l\u2019enviament es fa efectiu. Si rebem av\u00eds de cancel\u00b7laci\u00f3 un cop el paquet ja estigui enviat, es considerar\u00e0 una devoluci\u00f3. Edicions del Crater, SCP accepta les devolucions sota les condicions seg\u00fcents: Les devolucions poden fer-se fins a\u2026","rel":"","context":"Entrada similar","block_context":{"text":"Entrada similar","link":""},"img":{"alt_text":"","src":"","width":0,"height":0},"classes":[]}],"jetpack_shortlink":"https:\/\/wp.me\/PcY4IF-M9","_links":{"self":[{"href":"https:\/\/crater.cat\/index.php\/wp-json\/wp\/v2\/pages\/2985","targetHints":{"allow":["GET"]}}],"collection":[{"href":"https:\/\/crater.cat\/index.php\/wp-json\/wp\/v2\/pages"}],"about":[{"href":"https:\/\/crater.cat\/index.php\/wp-json\/wp\/v2\/types\/page"}],"author":[{"embeddable":true,"href":"https:\/\/crater.cat\/index.php\/wp-json\/wp\/v2\/users\/1"}],"replies":[{"embeddable":true,"href":"https:\/\/crater.cat\/index.php\/wp-json\/wp\/v2\/comments?post=2985"}],"version-history":[{"count":1,"href":"https:\/\/crater.cat\/index.php\/wp-json\/wp\/v2\/pages\/2985\/revisions"}],"predecessor-version":[{"id":2986,"href":"https:\/\/crater.cat\/index.php\/wp-json\/wp\/v2\/pages\/2985\/revisions\/2986"}],"wp:attachment":[{"href":"https:\/\/crater.cat\/index.php\/wp-json\/wp\/v2\/media?parent=2985"}],"curies":[{"name":"wp","href":"https:\/\/api.w.org\/{rel}","templated":true}]}}