{"id":2994,"date":"2025-03-13T09:34:11","date_gmt":"2025-03-13T08:34:11","guid":{"rendered":"https:\/\/crater.cat\/?page_id=2994"},"modified":"2025-03-13T09:34:14","modified_gmt":"2025-03-13T08:34:14","slug":"mirall","status":"publish","type":"page","link":"https:\/\/crater.cat\/index.php\/mirall\/","title":{"rendered":"Mirall"},"content":{"rendered":"\n<div class=\"wp-block-columns is-layout-flex wp-container-core-columns-is-layout-9d6595d7 wp-block-columns-is-layout-flex\">\n<div class=\"wp-block-column is-layout-flow wp-block-column-is-layout-flow\" style=\"flex-basis:100%\"><div data-block-name=\"woocommerce\/product-category\" data-categories=\"[106]\" data-content-visibility=\"{&quot;image&quot;:true,&quot;title&quot;:true,&quot;price&quot;:true,&quot;rating&quot;:true,&quot;button&quot;:false}\" data-stock-status=\"[&quot;&quot;,&quot;instock&quot;,&quot;outofstock&quot;,&quot;onbackorder&quot;]\" class=\"wc-block-grid wp-block-product-category wp-block-woocommerce-product-category wc-block-product-category has-3-columns has-multiple-rows\"><ul class=\"wc-block-grid__products\"><li class=\"wc-block-grid__product\">\n\t\t\t\t<a href=\"https:\/\/crater.cat\/index.php\/producte\/meravelles-tan-breus\/\" class=\"wc-block-grid__product-link\">\n\t\t\t\t\t\n\t\t\t\t\t<div class=\"wc-block-grid__product-image\"><img loading=\"lazy\" decoding=\"async\" width=\"1288\" height=\"2048\" src=\"https:\/\/i0.wp.com\/crater.cat\/wp-content\/uploads\/2026\/03\/3-Meravelles-tan-breus_cob_v8-scaled.jpg?fit=1288%2C2048&amp;ssl=1\" class=\"attachment-woocommerce_thumbnail size-woocommerce_thumbnail\" alt=\"Meravelles tan breus\" srcset=\"https:\/\/i0.wp.com\/crater.cat\/wp-content\/uploads\/2026\/03\/3-Meravelles-tan-breus_cob_v8-scaled.jpg?w=1288&amp;ssl=1 1288w, https:\/\/i0.wp.com\/crater.cat\/wp-content\/uploads\/2026\/03\/3-Meravelles-tan-breus_cob_v8-scaled.jpg?resize=189%2C300&amp;ssl=1 189w, https:\/\/i0.wp.com\/crater.cat\/wp-content\/uploads\/2026\/03\/3-Meravelles-tan-breus_cob_v8-scaled.jpg?resize=644%2C1024&amp;ssl=1 644w, https:\/\/i0.wp.com\/crater.cat\/wp-content\/uploads\/2026\/03\/3-Meravelles-tan-breus_cob_v8-scaled.jpg?resize=94%2C150&amp;ssl=1 94w, https:\/\/i0.wp.com\/crater.cat\/wp-content\/uploads\/2026\/03\/3-Meravelles-tan-breus_cob_v8-scaled.jpg?resize=768%2C1221&amp;ssl=1 768w, https:\/\/i0.wp.com\/crater.cat\/wp-content\/uploads\/2026\/03\/3-Meravelles-tan-breus_cob_v8-scaled.jpg?resize=966%2C1536&amp;ssl=1 966w\" sizes=\"auto, (max-width: 1100px) 100vw, 1100px\" data-attachment-id=\"5389\" data-permalink=\"https:\/\/crater.cat\/?attachment_id=5389\" data-orig-file=\"https:\/\/i0.wp.com\/crater.cat\/wp-content\/uploads\/2026\/03\/3-Meravelles-tan-breus_cob_v8-scaled.jpg?fit=1288%2C2048&amp;ssl=1\" data-orig-size=\"1288,2048\" data-comments-opened=\"0\" data-image-meta=\"{&quot;aperture&quot;:&quot;0&quot;,&quot;credit&quot;:&quot;&quot;,&quot;camera&quot;:&quot;&quot;,&quot;caption&quot;:&quot;&quot;,&quot;created_timestamp&quot;:&quot;0&quot;,&quot;copyright&quot;:&quot;&quot;,&quot;focal_length&quot;:&quot;0&quot;,&quot;iso&quot;:&quot;0&quot;,&quot;shutter_speed&quot;:&quot;0&quot;,&quot;title&quot;:&quot;&quot;,&quot;orientation&quot;:&quot;0&quot;}\" data-image-title=\"3 Meravelles tan breus_cob_v8\" data-image-description=\"\" data-image-caption=\"\" data-large-file=\"https:\/\/i0.wp.com\/crater.cat\/wp-content\/uploads\/2026\/03\/3-Meravelles-tan-breus_cob_v8-scaled.jpg?fit=644%2C1024&amp;ssl=1\" \/><\/div>\n\t\t\t\t\t<div class=\"wc-block-grid__product-title\">Meravelles tan breus<\/div>\n\t\t\t\t<\/a>\n\t\t\t\t<div class=\"wc-block-grid__product-price price\"><span class=\"woocommerce-Price-amount amount\">16,90<span class=\"woocommerce-Price-currencySymbol\">&euro;<\/span><\/span><\/div>\n\t\t\t\t\n\t\t\t\t\n\t\t\t<\/li><li class=\"wc-block-grid__product\">\n\t\t\t\t<a href=\"https:\/\/crater.cat\/index.php\/producte\/els-seus-ulls-miraven-deu\/\" class=\"wc-block-grid__product-link\">\n\t\t\t\t\t\n\t\t\t\t\t<div class=\"wc-block-grid__product-image\"><img loading=\"lazy\" decoding=\"async\" width=\"1039\" height=\"1653\" src=\"https:\/\/i0.wp.com\/crater.cat\/wp-content\/uploads\/2025\/09\/2-AAFF_COB_ELS-SEUS-ULLS_frontal-baixa.jpg?fit=1039%2C1653&amp;ssl=1\" class=\"attachment-woocommerce_thumbnail size-woocommerce_thumbnail\" alt=\"Els seus ulls miraven D\u00e9u\" srcset=\"https:\/\/i0.wp.com\/crater.cat\/wp-content\/uploads\/2025\/09\/2-AAFF_COB_ELS-SEUS-ULLS_frontal-baixa.jpg?w=1039&amp;ssl=1 1039w, https:\/\/i0.wp.com\/crater.cat\/wp-content\/uploads\/2025\/09\/2-AAFF_COB_ELS-SEUS-ULLS_frontal-baixa.jpg?resize=189%2C300&amp;ssl=1 189w, https:\/\/i0.wp.com\/crater.cat\/wp-content\/uploads\/2025\/09\/2-AAFF_COB_ELS-SEUS-ULLS_frontal-baixa.jpg?resize=644%2C1024&amp;ssl=1 644w, https:\/\/i0.wp.com\/crater.cat\/wp-content\/uploads\/2025\/09\/2-AAFF_COB_ELS-SEUS-ULLS_frontal-baixa.jpg?resize=94%2C150&amp;ssl=1 94w, https:\/\/i0.wp.com\/crater.cat\/wp-content\/uploads\/2025\/09\/2-AAFF_COB_ELS-SEUS-ULLS_frontal-baixa.jpg?resize=768%2C1222&amp;ssl=1 768w, https:\/\/i0.wp.com\/crater.cat\/wp-content\/uploads\/2025\/09\/2-AAFF_COB_ELS-SEUS-ULLS_frontal-baixa.jpg?resize=965%2C1536&amp;ssl=1 965w\" sizes=\"auto, (max-width: 1039px) 100vw, 1039px\" data-attachment-id=\"3364\" data-permalink=\"https:\/\/crater.cat\/?attachment_id=3364\" data-orig-file=\"https:\/\/i0.wp.com\/crater.cat\/wp-content\/uploads\/2025\/09\/2-AAFF_COB_ELS-SEUS-ULLS_frontal-baixa.jpg?fit=1039%2C1653&amp;ssl=1\" data-orig-size=\"1039,1653\" data-comments-opened=\"0\" data-image-meta=\"{&quot;aperture&quot;:&quot;0&quot;,&quot;credit&quot;:&quot;&quot;,&quot;camera&quot;:&quot;&quot;,&quot;caption&quot;:&quot;&quot;,&quot;created_timestamp&quot;:&quot;0&quot;,&quot;copyright&quot;:&quot;&quot;,&quot;focal_length&quot;:&quot;0&quot;,&quot;iso&quot;:&quot;0&quot;,&quot;shutter_speed&quot;:&quot;0&quot;,&quot;title&quot;:&quot;&quot;,&quot;orientation&quot;:&quot;1&quot;}\" data-image-title=\"2 AAFF_COB_ELS SEUS ULLS_frontal baixa\" data-image-description=\"\" data-image-caption=\"\" data-large-file=\"https:\/\/i0.wp.com\/crater.cat\/wp-content\/uploads\/2025\/09\/2-AAFF_COB_ELS-SEUS-ULLS_frontal-baixa.jpg?fit=644%2C1024&amp;ssl=1\" \/><\/div>\n\t\t\t\t\t<div class=\"wc-block-grid__product-title\">Els seus ulls miraven D\u00e9u<\/div>\n\t\t\t\t<\/a>\n\t\t\t\t<div class=\"wc-block-grid__product-price price\"><span class=\"woocommerce-Price-amount amount\">20,90<span class=\"woocommerce-Price-currencySymbol\">&euro;<\/span><\/span><\/div>\n\t\t\t\t\n\t\t\t\t\n\t\t\t<\/li><li class=\"wc-block-grid__product\">\n\t\t\t\t<a href=\"https:\/\/crater.cat\/index.php\/producte\/tango-satanic\/\" class=\"wc-block-grid__product-link\">\n\t\t\t\t\t\n\t\t\t\t\t<div class=\"wc-block-grid__product-image\"><img loading=\"lazy\" decoding=\"async\" width=\"780\" height=\"1240\" src=\"https:\/\/i0.wp.com\/crater.cat\/wp-content\/uploads\/2025\/03\/TANGO-SATANIC_Webp.webp?fit=780%2C1240&amp;ssl=1\" class=\"attachment-woocommerce_thumbnail size-woocommerce_thumbnail\" alt=\"Tango sat\u00e0nic\" srcset=\"https:\/\/i0.wp.com\/crater.cat\/wp-content\/uploads\/2025\/03\/TANGO-SATANIC_Webp.webp?w=780&amp;ssl=1 780w, https:\/\/i0.wp.com\/crater.cat\/wp-content\/uploads\/2025\/03\/TANGO-SATANIC_Webp.webp?resize=189%2C300&amp;ssl=1 189w, https:\/\/i0.wp.com\/crater.cat\/wp-content\/uploads\/2025\/03\/TANGO-SATANIC_Webp.webp?resize=644%2C1024&amp;ssl=1 644w, https:\/\/i0.wp.com\/crater.cat\/wp-content\/uploads\/2025\/03\/TANGO-SATANIC_Webp.webp?resize=94%2C150&amp;ssl=1 94w, https:\/\/i0.wp.com\/crater.cat\/wp-content\/uploads\/2025\/03\/TANGO-SATANIC_Webp.webp?resize=768%2C1221&amp;ssl=1 768w\" sizes=\"auto, (max-width: 780px) 100vw, 780px\" data-attachment-id=\"2992\" data-permalink=\"https:\/\/crater.cat\/?attachment_id=2992\" data-orig-file=\"https:\/\/i0.wp.com\/crater.cat\/wp-content\/uploads\/2025\/03\/TANGO-SATANIC_Webp.webp?fit=780%2C1240&amp;ssl=1\" data-orig-size=\"780,1240\" data-comments-opened=\"0\" data-image-meta=\"{&quot;aperture&quot;:&quot;0&quot;,&quot;credit&quot;:&quot;&quot;,&quot;camera&quot;:&quot;&quot;,&quot;caption&quot;:&quot;&quot;,&quot;created_timestamp&quot;:&quot;0&quot;,&quot;copyright&quot;:&quot;&quot;,&quot;focal_length&quot;:&quot;0&quot;,&quot;iso&quot;:&quot;0&quot;,&quot;shutter_speed&quot;:&quot;0&quot;,&quot;title&quot;:&quot;&quot;,&quot;orientation&quot;:&quot;0&quot;}\" data-image-title=\"Tango sat\u00e0nic\" data-image-description=\"&lt;p&gt;Tango sat\u00e0nic&lt;\/p&gt;\n\" data-image-caption=\"&lt;p&gt;Tango sat\u00e0nic&lt;\/p&gt;\n\" data-large-file=\"https:\/\/i0.wp.com\/crater.cat\/wp-content\/uploads\/2025\/03\/TANGO-SATANIC_Webp.webp?fit=644%2C1024&amp;ssl=1\" \/><\/div>\n\t\t\t\t\t<div class=\"wc-block-grid__product-title\">Tango sat\u00e0nic<\/div>\n\t\t\t\t<\/a>\n\t\t\t\t<div class=\"wc-block-grid__product-price price\"><span class=\"woocommerce-Price-amount amount\">22,90<span class=\"woocommerce-Price-currencySymbol\">&euro;<\/span><\/span><\/div>\n\t\t\t\t\n\t\t\t\t\n\t\t\t<\/li><\/ul><\/div><\/div>\n<\/div>\n\n\n\n<p><\/p>\n","protected":false},"excerpt":{"rendered":"","protected":false},"author":1,"featured_media":0,"parent":0,"menu_order":0,"comment_status":"closed","ping_status":"closed","template":"","meta":{"cybocfi_hide_featured_image":"","footnotes":""},"class_list":["post-2994","page","type-page","status-publish","hentry"],"aioseo_notices":[],"jetpack_sharing_enabled":true,"jetpack-related-posts":[{"id":189,"url":"https:\/\/crater.cat\/index.php\/colleccions\/","url_meta":{"origin":2994,"position":0},"title":"Col\u00b7leccions","author":"Edicions del Cr\u00e0ter","date":"15\/08\/2021","format":false,"excerpt":"[vc_row][vc_column][vc_column_text] Les col\u00b7leccions d\u2019Edicions del Cr\u00e0ter\u00a0s\u00f3n: Col\u00b7lecci\u00f3 Renart\u00a0de contes i relats curts: \u00a0 Col\u00b7lecci\u00f3 Magnetar\u00a0d\u2019escrits autobiogr\u00e0fics (cartes, diaris, cr\u00f2niques, viatges i novel\u00b7les autobiogr\u00e0fiques): \u00a0 Properament, comen\u00e7arem la col\u00b7lecci\u00f3 Mirall de novel\u00b7la. Aqu\u00ed podeu descarregar-vos el cat\u00e0leg d'Edicions del Cr\u00e0ter. \u00a0 \u00a0 \u00a0 [\/vc_column_text][\/vc_column][\/vc_row][vc_row][vc_column][\/vc_column][\/vc_row]","rel":"","context":"Entrada similar","block_context":{"text":"Entrada similar","link":""},"img":{"alt_text":"","src":"https:\/\/i0.wp.com\/crater.cat\/wp-content\/uploads\/2021\/09\/Crater-simbol-mida5.jpg?resize=350%2C200&ssl=1","width":350,"height":200,"srcset":"https:\/\/i0.wp.com\/crater.cat\/wp-content\/uploads\/2021\/09\/Crater-simbol-mida5.jpg?resize=350%2C200&ssl=1 1x, https:\/\/i0.wp.com\/crater.cat\/wp-content\/uploads\/2021\/09\/Crater-simbol-mida5.jpg?resize=525%2C300&ssl=1 1.5x"},"classes":[]},{"id":107,"url":"https:\/\/crater.cat\/index.php\/qui-som\/","url_meta":{"origin":2994,"position":1},"title":"El cr\u00e0ter","author":"Edicions del Cr\u00e0ter","date":"12\/08\/2021","format":false,"excerpt":"Edicions del Cr\u00e0ter \u00e9s un projecte independent que neix per publicar llibres en catal\u00e0, ja siguin traduccions com autors del pa\u00eds, d\u2019autors que han deixat una empremta en la hist\u00f2ria de les lletres i que segueixen dialogant amb el nostre present. La voluntat \u00e9s fer-ho amb un catal\u00e0 contemporani que\u2026","rel":"","context":"Entrada similar","block_context":{"text":"Entrada similar","link":""},"img":{"alt_text":"","src":"https:\/\/i0.wp.com\/crater.cat\/wp-content\/uploads\/2021\/09\/Crater-logo-V2L-C-AAFF-5.jpg?resize=350%2C200&ssl=1","width":350,"height":200,"srcset":"https:\/\/i0.wp.com\/crater.cat\/wp-content\/uploads\/2021\/09\/Crater-logo-V2L-C-AAFF-5.jpg?resize=350%2C200&ssl=1 1x, https:\/\/i0.wp.com\/crater.cat\/wp-content\/uploads\/2021\/09\/Crater-logo-V2L-C-AAFF-5.jpg?resize=525%2C300&ssl=1 1.5x, https:\/\/i0.wp.com\/crater.cat\/wp-content\/uploads\/2021\/09\/Crater-logo-V2L-C-AAFF-5.jpg?resize=700%2C400&ssl=1 2x, https:\/\/i0.wp.com\/crater.cat\/wp-content\/uploads\/2021\/09\/Crater-logo-V2L-C-AAFF-5.jpg?resize=1050%2C600&ssl=1 3x"},"classes":[]}],"jetpack_shortlink":"https:\/\/wp.me\/PcY4IF-Mi","_links":{"self":[{"href":"https:\/\/crater.cat\/index.php\/wp-json\/wp\/v2\/pages\/2994","targetHints":{"allow":["GET"]}}],"collection":[{"href":"https:\/\/crater.cat\/index.php\/wp-json\/wp\/v2\/pages"}],"about":[{"href":"https:\/\/crater.cat\/index.php\/wp-json\/wp\/v2\/types\/page"}],"author":[{"embeddable":true,"href":"https:\/\/crater.cat\/index.php\/wp-json\/wp\/v2\/users\/1"}],"replies":[{"embeddable":true,"href":"https:\/\/crater.cat\/index.php\/wp-json\/wp\/v2\/comments?post=2994"}],"version-history":[{"count":2,"href":"https:\/\/crater.cat\/index.php\/wp-json\/wp\/v2\/pages\/2994\/revisions"}],"predecessor-version":[{"id":5493,"href":"https:\/\/crater.cat\/index.php\/wp-json\/wp\/v2\/pages\/2994\/revisions\/5493"}],"wp:attachment":[{"href":"https:\/\/crater.cat\/index.php\/wp-json\/wp\/v2\/media?parent=2994"}],"curies":[{"name":"wp","href":"https:\/\/api.w.org\/{rel}","templated":true}]}}