{"id":1872,"date":"2023-10-31T11:55:11","date_gmt":"2023-10-31T10:55:11","guid":{"rendered":"https:\/\/crater.cat\/?post_type=product&#038;p=1872"},"modified":"2024-03-15T14:46:41","modified_gmt":"2024-03-15T13:46:41","slug":"el-viatge-del-beagle","status":"publish","type":"product","link":"https:\/\/crater.cat\/index.php\/producte\/el-viatge-del-beagle\/","title":{"rendered":"El viatge del Beagle"},"content":{"rendered":"<p style=\"text-align: left;\">Autor: Charles Darwin<\/p>\n<p style=\"text-align: left;\">Traducci\u00f3: Oriol R\u00e0fols Grifell<\/p>\n<p style=\"text-align: left;\">Col\u00b7lecci\u00f3 Magnetar<\/p>\n<p style=\"text-align: left;\">Mides: 130 x 210<\/p>\n<p style=\"text-align: left;\">N\u00ba de p\u00e0gines: 760<\/p>\n<p style=\"text-align: left;\">ISBN: 978-84-124503-9-2<\/p>\n<p style=\"text-align: left;\">1a edici\u00f3: novembre de 2023<\/p>\n","protected":false},"excerpt":{"rendered":"<p>Amb nom\u00e9s 22 anys, Charles Darwin s\u2019embarca com a naturalista a l\u2019H.M.S. <em>Beagle<\/em>, un vaixell capitanejat per Robert FitzRoy que tenia la missi\u00f3 de cartografiar la part austral de l\u2019Am\u00e8rica del Sud i realitzar algunes mesures cronom\u00e8triques al voltant del m\u00f3n. Aquest llibre el va escriure Darwin un cop arribat a Anglaterra a partir de les anotacions al seu diari, i narra el viatge de gaireb\u00e9 cinc anys circumnavegant el m\u00f3n del jove cient\u00edfic. Darwin descriu amb detall llocs com la Patag\u00f2nia, la Terra del Foc, les illes Gal\u00e0pagos o Tahit\u00ed, i retrata la gent i les aventures que hi trob\u00e0, a la vegada que posa de manifest tant la seva passi\u00f3 per la naturalesa com una extraordin\u00e0ria capacitat per treure conclusions i elaborar teories a partir de nom\u00e9s uns dies d\u2019observaci\u00f3. <em>El viatge del Beagle<\/em> fou transcendental per a la concepci\u00f3 moderna del m\u00f3n, perqu\u00e8 fruit d\u2019aquella expedici\u00f3 Darwin elaboraria, uns anys m\u00e9s tard, la teoria de la selecci\u00f3 natural que va revolucionar l\u2019ordre cient\u00edfic i va sacsejar els fonaments de les explicacions creacionistes sobre l\u2019origen de la vida.<\/p>\n<p>&nbsp;<\/p>\n<p>No deixeu de consultar el <a href=\"https:\/\/edicionscrater.live-website.com\/index.php\/2023\/12\/14\/el-viatge-de-darwin-al-detall\/\" target=\"_blank\" rel=\"noopener\"><strong>mapa detallat d&#8217;<em>El viatge del Beagle<\/em> al nostre blog<\/strong><\/a>, podeu anar seguint els llocs per on passa Darwin a mesura que el llegiu.<\/p>\n<p>&nbsp;<\/p>\n<hr \/>\n<p>&nbsp;<\/p>\n<p><strong><em>Enviament gratu\u00eft. Rebreu el producte en un termini d&#8217;entre 2 dies i una setmana.<\/em><\/strong><\/p>\n","protected":false},"author":1,"featured_media":2049,"template":"","meta":{"cybocfi_hide_featured_image":"","jetpack_publicize_message":"","jetpack_publicize_feature_enabled":true,"jetpack_social_post_already_shared":true,"jetpack_social_options":{"image_generator_settings":{"template":"highway","default_image_id":0,"font":"","enabled":false},"version":2}},"product_brand":[],"product_cat":[21],"product_tag":[89,91,32,92,90],"ppma_author":[88],"class_list":{"0":"post-1872","1":"product","2":"type-product","3":"status-publish","4":"has-post-thumbnail","6":"product_cat-magnetar","7":"product_tag-ciencia","8":"product_tag-darwin","9":"product_tag-literatura-anglesa","10":"product_tag-regne-unit","11":"product_tag-viatges","13":"first","14":"instock","15":"shipping-taxable","16":"purchasable","17":"product-type-simple"},"aioseo_notices":[],"jetpack_publicize_connections":[],"jetpack_sharing_enabled":true,"jetpack-related-posts":[{"id":2556,"url":"https:\/\/crater.cat\/index.php\/producte\/del-born-al-plata\/","url_meta":{"origin":1872,"position":0},"title":"Del Born al Plata","author":"Santiago Rusi\u00f1ol","date":"20\/06\/2024","format":false,"excerpt":"L\u2019any 1910 Santiago Rusi\u00f1ol s\u2019embarca en un transatl\u00e0ntic en direcci\u00f3 a l\u2019Argentina, que celebra el centenari de la seva independ\u00e8ncia. Hi viatja carregat de quadres, que t\u00e9 la intenci\u00f3 de vendre, i com a dramaturg, acompanyat del seu amic i actor Enric Borr\u00e0s, que estrena representacions a Buenos Aires. Des\u2026","rel":"","context":"Entrada similar","block_context":{"text":"Entrada similar","link":""},"img":{"alt_text":"Del Born al Plata - Santiago Rusi\u00f1ol","src":"https:\/\/i0.wp.com\/crater.cat\/wp-content\/uploads\/2024\/06\/5-AAFF-DEL-BORN-AL-PLATA_COBERTA_baixa.webp?fit=755%2C1200&ssl=1&resize=350%2C200","width":350,"height":200,"srcset":"https:\/\/i0.wp.com\/crater.cat\/wp-content\/uploads\/2024\/06\/5-AAFF-DEL-BORN-AL-PLATA_COBERTA_baixa.webp?fit=755%2C1200&ssl=1&resize=350%2C200 1x, https:\/\/i0.wp.com\/crater.cat\/wp-content\/uploads\/2024\/06\/5-AAFF-DEL-BORN-AL-PLATA_COBERTA_baixa.webp?fit=755%2C1200&ssl=1&resize=525%2C300 1.5x, https:\/\/i0.wp.com\/crater.cat\/wp-content\/uploads\/2024\/06\/5-AAFF-DEL-BORN-AL-PLATA_COBERTA_baixa.webp?fit=755%2C1200&ssl=1&resize=700%2C400 2x"},"classes":[]},{"id":1430,"url":"https:\/\/crater.cat\/index.php\/producte\/el-trente-any\/","url_meta":{"origin":1872,"position":1},"title":"El trent\u00e8 any","author":"Edicions del Cr\u00e0ter","date":"16\/03\/2023","format":false,"excerpt":"Despr\u00e9s d\u2019un exit\u00f3s debut en poesia, El trent\u00e8 any \u00e9s la primera incursi\u00f3 d\u2019Ingeborg Bachmann al regne de la prosa, una s\u00e8rie de relats que no va voler classificar dins de cap g\u00e8nere. Imatges subtils de personatges obsessionats per la cerca de la veritat, per l\u2019obligaci\u00f3 d\u2019estimar o per la\u2026","rel":"","context":"Entrada similar","block_context":{"text":"Entrada similar","link":""},"img":{"alt_text":"Ingeborg Bachmann - El trent\u00e8 any","src":"https:\/\/i0.wp.com\/crater.cat\/wp-content\/uploads\/2023\/03\/COBERTA-EL-TRENTE-ANY-baixa-webp.webp?fit=720%2C1145&ssl=1&resize=350%2C200","width":350,"height":200,"srcset":"https:\/\/i0.wp.com\/crater.cat\/wp-content\/uploads\/2023\/03\/COBERTA-EL-TRENTE-ANY-baixa-webp.webp?fit=720%2C1145&ssl=1&resize=350%2C200 1x, https:\/\/i0.wp.com\/crater.cat\/wp-content\/uploads\/2023\/03\/COBERTA-EL-TRENTE-ANY-baixa-webp.webp?fit=720%2C1145&ssl=1&resize=525%2C300 1.5x, https:\/\/i0.wp.com\/crater.cat\/wp-content\/uploads\/2023\/03\/COBERTA-EL-TRENTE-ANY-baixa-webp.webp?fit=720%2C1145&ssl=1&resize=700%2C400 2x"},"classes":[]},{"id":2991,"url":"https:\/\/crater.cat\/index.php\/producte\/tango-satanic\/","url_meta":{"origin":1872,"position":2},"title":"Tango sat\u00e0nic","author":"Edicions del Cr\u00e0ter","date":"13\/03\/2025","format":false,"excerpt":"Sota la intensa pluja i l\u2019atmosfera ombr\u00edvola d\u2019un petit poble rural, en una Hongria encara sota el jou comunista, els habitants esperen l\u2019arribada imminent de l\u2019Irimi\u00e1s. Sembla l\u2019\u00fanica figura capa\u00e7 de generar certa esperan\u00e7a en el claustrof\u00f2bic infern amarat de p\u00e0linka d\u2019una col\u00f2nia d\u2019on tots volen escapar. Resseguint els fils\u2026","rel":"","context":"Entrada similar","block_context":{"text":"Entrada similar","link":""},"img":{"alt_text":"Tango sat\u00e0nic","src":"https:\/\/i0.wp.com\/crater.cat\/wp-content\/uploads\/2025\/03\/TANGO-SATANIC_Webp.webp?fit=755%2C1200&ssl=1&resize=350%2C200","width":350,"height":200,"srcset":"https:\/\/i0.wp.com\/crater.cat\/wp-content\/uploads\/2025\/03\/TANGO-SATANIC_Webp.webp?fit=755%2C1200&ssl=1&resize=350%2C200 1x, https:\/\/i0.wp.com\/crater.cat\/wp-content\/uploads\/2025\/03\/TANGO-SATANIC_Webp.webp?fit=755%2C1200&ssl=1&resize=525%2C300 1.5x, https:\/\/i0.wp.com\/crater.cat\/wp-content\/uploads\/2025\/03\/TANGO-SATANIC_Webp.webp?fit=755%2C1200&ssl=1&resize=700%2C400 2x"},"classes":[]},{"id":3363,"url":"https:\/\/crater.cat\/index.php\/producte\/els-seus-ulls-miraven-deu\/","url_meta":{"origin":1872,"position":3},"title":"Els seus ulls miraven D\u00e9u","author":"Edicions del Cr\u00e0ter","date":"16\/09\/2025","format":false,"excerpt":"En una petita comunitat negra del sud dels Estats Units, a principis del segle XX, Janie Crawford empr\u00e8n un viatge vital que la portar\u00e0 a desafiar les convencions de g\u00e8nere, ra\u00e7a i classe. A trav\u00e9s de tres matrimonis i nombroses p\u00e8rdues, Janie apr\u00e8n a ordenar les seves prioritats, tot cercant\u2026","rel":"","context":"Entrada similar","block_context":{"text":"Entrada similar","link":""},"img":{"alt_text":"","src":"https:\/\/i0.wp.com\/crater.cat\/wp-content\/uploads\/2025\/09\/2-AAFF_COB_ELS-SEUS-ULLS_frontal-baixa.jpg?fit=754%2C1200&ssl=1&resize=350%2C200","width":350,"height":200,"srcset":"https:\/\/i0.wp.com\/crater.cat\/wp-content\/uploads\/2025\/09\/2-AAFF_COB_ELS-SEUS-ULLS_frontal-baixa.jpg?fit=754%2C1200&ssl=1&resize=350%2C200 1x, https:\/\/i0.wp.com\/crater.cat\/wp-content\/uploads\/2025\/09\/2-AAFF_COB_ELS-SEUS-ULLS_frontal-baixa.jpg?fit=754%2C1200&ssl=1&resize=525%2C300 1.5x, https:\/\/i0.wp.com\/crater.cat\/wp-content\/uploads\/2025\/09\/2-AAFF_COB_ELS-SEUS-ULLS_frontal-baixa.jpg?fit=754%2C1200&ssl=1&resize=700%2C400 2x"},"classes":[]},{"id":3998,"url":"https:\/\/crater.cat\/index.php\/producte\/deu-anys-dexili\/","url_meta":{"origin":1872,"position":4},"title":"Deu anys d&#8217;exili","author":"Edicions del Cr\u00e0ter","date":"28\/11\/2025","format":false,"excerpt":"Deu anys d\u2019exili (publicat p\u00f2stumament el 1821) \u00e9s el relat autobiogr\u00e0fic en qu\u00e8 Germaine de Sta\u00ebl narra els seus anys de desterrament sota el r\u00e8gim de Napole\u00f3 Bonaparte. L\u2019obra descriu la persecuci\u00f3 pol\u00edtica que pat\u00ed a causa de les seves opinions liberals i la seva oposici\u00f3 al despotisme imperial. De\u2026","rel":"","context":"Entrada similar","block_context":{"text":"Entrada similar","link":""},"img":{"alt_text":"","src":"https:\/\/i0.wp.com\/crater.cat\/wp-content\/uploads\/2025\/11\/8-v2_COB_DEU-ANYS-DEXILI-Mdme-de-Stael-1-scaled.jpg?fit=754%2C1200&ssl=1&resize=350%2C200","width":350,"height":200,"srcset":"https:\/\/i0.wp.com\/crater.cat\/wp-content\/uploads\/2025\/11\/8-v2_COB_DEU-ANYS-DEXILI-Mdme-de-Stael-1-scaled.jpg?fit=754%2C1200&ssl=1&resize=350%2C200 1x, https:\/\/i0.wp.com\/crater.cat\/wp-content\/uploads\/2025\/11\/8-v2_COB_DEU-ANYS-DEXILI-Mdme-de-Stael-1-scaled.jpg?fit=754%2C1200&ssl=1&resize=525%2C300 1.5x, https:\/\/i0.wp.com\/crater.cat\/wp-content\/uploads\/2025\/11\/8-v2_COB_DEU-ANYS-DEXILI-Mdme-de-Stael-1-scaled.jpg?fit=754%2C1200&ssl=1&resize=700%2C400 2x"},"classes":[]},{"id":145,"url":"https:\/\/crater.cat\/index.php\/producte\/contes-de-la-becada-de-guy-de-maupassant\/","url_meta":{"origin":1872,"position":5},"title":"Contes de la becada","author":"Edicions del Cr\u00e0ter","date":"15\/08\/2021","format":false,"excerpt":"La qualitat m\u00e9s lloada de Maupassant \u00e9s la frase senzilla, feta aparentment sense esfor\u00e7, que pinta personatges que prenen vida amb una economia verbal sorprenent. Els Contes de la becada en s\u00f3n un exemple perfecte, un dibuix n\u00edtid dels paisatges i els habitants de la Normandia natal de l\u2019escriptor, del\u2026","rel":"","context":"Entrada similar","block_context":{"text":"Entrada similar","link":""},"img":{"alt_text":"Guy de Maupassant - Contes de la becada","src":"https:\/\/i0.wp.com\/crater.cat\/wp-content\/uploads\/2021\/08\/COBERTA-CONTES-DE-LA-BECADA-webp.webp?fit=755%2C1200&ssl=1&resize=350%2C200","width":350,"height":200,"srcset":"https:\/\/i0.wp.com\/crater.cat\/wp-content\/uploads\/2021\/08\/COBERTA-CONTES-DE-LA-BECADA-webp.webp?fit=755%2C1200&ssl=1&resize=350%2C200 1x, https:\/\/i0.wp.com\/crater.cat\/wp-content\/uploads\/2021\/08\/COBERTA-CONTES-DE-LA-BECADA-webp.webp?fit=755%2C1200&ssl=1&resize=525%2C300 1.5x, https:\/\/i0.wp.com\/crater.cat\/wp-content\/uploads\/2021\/08\/COBERTA-CONTES-DE-LA-BECADA-webp.webp?fit=755%2C1200&ssl=1&resize=700%2C400 2x"},"classes":[]}],"_links":{"self":[{"href":"https:\/\/crater.cat\/index.php\/wp-json\/wp\/v2\/product\/1872","targetHints":{"allow":["GET"]}}],"collection":[{"href":"https:\/\/crater.cat\/index.php\/wp-json\/wp\/v2\/product"}],"about":[{"href":"https:\/\/crater.cat\/index.php\/wp-json\/wp\/v2\/types\/product"}],"author":[{"embeddable":true,"href":"https:\/\/crater.cat\/index.php\/wp-json\/wp\/v2\/users\/1"}],"wp:featuredmedia":[{"embeddable":true,"href":"https:\/\/crater.cat\/index.php\/wp-json\/wp\/v2\/media\/2049"}],"wp:attachment":[{"href":"https:\/\/crater.cat\/index.php\/wp-json\/wp\/v2\/media?parent=1872"}],"wp:term":[{"taxonomy":"product_brand","embeddable":true,"href":"https:\/\/crater.cat\/index.php\/wp-json\/wp\/v2\/product_brand?post=1872"},{"taxonomy":"product_cat","embeddable":true,"href":"https:\/\/crater.cat\/index.php\/wp-json\/wp\/v2\/product_cat?post=1872"},{"taxonomy":"product_tag","embeddable":true,"href":"https:\/\/crater.cat\/index.php\/wp-json\/wp\/v2\/product_tag?post=1872"},{"taxonomy":"author","embeddable":true,"href":"https:\/\/crater.cat\/index.php\/wp-json\/wp\/v2\/ppma_author?post=1872"}],"curies":[{"name":"wp","href":"https:\/\/api.w.org\/{rel}","templated":true}]}}