{"id":2731,"date":"2024-11-16T14:43:50","date_gmt":"2024-11-16T13:43:50","guid":{"rendered":"https:\/\/crater.cat\/?post_type=product&#038;p=2731"},"modified":"2024-11-16T14:43:50","modified_gmt":"2024-11-16T13:43:50","slug":"onnagata-i-altres-contes","status":"publish","type":"product","link":"https:\/\/crater.cat\/index.php\/producte\/onnagata-i-altres-contes\/","title":{"rendered":"Onnagata i altres contes"},"content":{"rendered":"<p style=\"text-align: left;\">Autor: Yukio Mishima<\/p>\n<p>Traductor: Albert Nolla<\/p>\n<p style=\"text-align: left;\">Col\u00b7lecci\u00f3 Renart<\/p>\n<p style=\"text-align: left;\">Mides: 120 x 194<\/p>\n<p style=\"text-align: left;\">N\u00ba de p\u00e0gines: 272<\/p>\n<p style=\"text-align: left;\">ISBN: 978-84-128286-3-4<\/p>\n<p style=\"text-align: left;\">1a edici\u00f3: novembre de 2024<\/p>\n<div class=\"mkdf-separator-holder clearfix  mkdf-separator-center mkdf-separator-normal\">\n\t<div class=\"mkdf-separator\" >\n\t\t\t<\/div>\n<\/div>\n\n","protected":false},"excerpt":{"rendered":"<p>Sovint aclamat en l\u2019art de la novel\u00b7la, Yukio Mishima\u00a0va excel\u00b7lir tamb\u00e9 en l\u2019art del conte, on destil\u00b7la el seu domini de la narraci\u00f3 i tracta alguns dels temes que van marcar la seva vida, com ara l\u2019homosexualitat, la relaci\u00f3 amb el cos, la preocupaci\u00f3 pel rumb del seu pa\u00eds o els ideals dels joves. Tal com es veu en aquests contes, Mishima \u00e9s pare d\u2019una prosa anal\u00edtica i solvent, amb el punt just de densitat, que desplega tot el seu potencial en el retrat psicol\u00f2gic dels personatges, i per aix\u00f2 \u00e9s capa\u00e7 de transmetre una profunditat que fa que el lector es trobi immers dins el relat i senti la hist\u00f2ria en la seva pr\u00f2pia pell. In\u00e8dits en catal\u00e0, aquesta selecci\u00f3 inclou alguns dels contes m\u00e9s aclamats d\u2019un dels narradors japonesos del segle XX que ha despertat m\u00e9s inter\u00e8s arreu del m\u00f3n.<\/p>\n<p>&nbsp;<\/p>\n<hr \/>\n<p>&nbsp;<\/p>\n<p><strong><em>Enviament gratu\u00eft. Rebreu el producte en un termini d&#8217;entre 2 dies i una setmana.<\/em><\/strong><\/p>\n","protected":false},"author":1,"featured_media":2732,"template":"","meta":{"cybocfi_hide_featured_image":"","jetpack_publicize_message":"","jetpack_publicize_feature_enabled":true,"jetpack_social_post_already_shared":true,"jetpack_social_options":{"image_generator_settings":{"template":"highway","default_image_id":0,"font":"","enabled":false},"version":2}},"product_brand":[],"product_cat":[17],"product_tag":[104,26,105,103,28],"ppma_author":[102],"class_list":{"0":"post-2731","1":"product","2":"type-product","3":"status-publish","4":"has-post-thumbnail","6":"product_cat-renart","7":"product_tag-asia","8":"product_tag-contes","9":"product_tag-ficcio","10":"product_tag-japo","11":"product_tag-relats","13":"first","14":"instock","15":"shipping-taxable","16":"purchasable","17":"product-type-simple"},"aioseo_notices":[],"jetpack_publicize_connections":[],"jetpack_sharing_enabled":true,"jetpack-related-posts":[{"id":145,"url":"https:\/\/crater.cat\/index.php\/producte\/contes-de-la-becada-de-guy-de-maupassant\/","url_meta":{"origin":2731,"position":0},"title":"Contes de la becada","author":"Edicions del Cr\u00e0ter","date":"15\/08\/2021","format":false,"excerpt":"La qualitat m\u00e9s lloada de Maupassant \u00e9s la frase senzilla, feta aparentment sense esfor\u00e7, que pinta personatges que prenen vida amb una economia verbal sorprenent. Els Contes de la becada en s\u00f3n un exemple perfecte, un dibuix n\u00edtid dels paisatges i els habitants de la Normandia natal de l\u2019escriptor, del\u2026","rel":"","context":"Entrada similar","block_context":{"text":"Entrada similar","link":""},"img":{"alt_text":"Guy de Maupassant - Contes de la becada","src":"https:\/\/i0.wp.com\/crater.cat\/wp-content\/uploads\/2021\/08\/COBERTA-CONTES-DE-LA-BECADA-webp.webp?fit=755%2C1200&ssl=1&resize=350%2C200","width":350,"height":200,"srcset":"https:\/\/i0.wp.com\/crater.cat\/wp-content\/uploads\/2021\/08\/COBERTA-CONTES-DE-LA-BECADA-webp.webp?fit=755%2C1200&ssl=1&resize=350%2C200 1x, https:\/\/i0.wp.com\/crater.cat\/wp-content\/uploads\/2021\/08\/COBERTA-CONTES-DE-LA-BECADA-webp.webp?fit=755%2C1200&ssl=1&resize=525%2C300 1.5x, https:\/\/i0.wp.com\/crater.cat\/wp-content\/uploads\/2021\/08\/COBERTA-CONTES-DE-LA-BECADA-webp.webp?fit=755%2C1200&ssl=1&resize=700%2C400 2x"},"classes":[]},{"id":5388,"url":"https:\/\/crater.cat\/index.php\/producte\/meravelles-tan-breus\/","url_meta":{"origin":2731,"position":1},"title":"Meravelles tan breus","author":"Edicions del Cr\u00e0ter","date":"23\/03\/2026","format":false,"excerpt":"Meravelles tan breus \u00e9s una novel\u00b7la l\u00edrica i fragment\u00e0ria sobre la joventut, la creaci\u00f3 i la p\u00e8rdua. A trav\u00e9s d\u2019un joc de veus \u2014tu, nosaltres i ella\u2014, el llibre recorre la mem\u00f2ria d\u2019una generaci\u00f3 que va creure tocar la plenitud: l\u2019art, la nit, l\u2019amor, la ciutat i la sensaci\u00f3 d\u2019haver\u2026","rel":"","context":"Entrada similar","block_context":{"text":"Entrada similar","link":""},"img":{"alt_text":"","src":"https:\/\/i0.wp.com\/crater.cat\/wp-content\/uploads\/2026\/03\/3-Meravelles-tan-breus_cob_v8-scaled.jpg?fit=755%2C1200&ssl=1&resize=350%2C200","width":350,"height":200,"srcset":"https:\/\/i0.wp.com\/crater.cat\/wp-content\/uploads\/2026\/03\/3-Meravelles-tan-breus_cob_v8-scaled.jpg?fit=755%2C1200&ssl=1&resize=350%2C200 1x, https:\/\/i0.wp.com\/crater.cat\/wp-content\/uploads\/2026\/03\/3-Meravelles-tan-breus_cob_v8-scaled.jpg?fit=755%2C1200&ssl=1&resize=525%2C300 1.5x, https:\/\/i0.wp.com\/crater.cat\/wp-content\/uploads\/2026\/03\/3-Meravelles-tan-breus_cob_v8-scaled.jpg?fit=755%2C1200&ssl=1&resize=700%2C400 2x"},"classes":[]},{"id":4215,"url":"https:\/\/crater.cat\/index.php\/producte\/carta-oberta-a-salvador-dali\/","url_meta":{"origin":2731,"position":2},"title":"Carta oberta a Salvador Dal\u00ed","author":"Edicions del Cr\u00e0ter","date":"20\/12\/2025","format":false,"excerpt":"Les diferents cares de Salvador Dal\u00ed participen en aquest intercanvi epistolar, en particular el Salvador Dal\u00ed \u00abgeni\u00bb i el Salvador Dal\u00ed \u00abavidadollars\u00bb \u2014el conegut anagrama que Andr\u00e9 Breton va crear amb el seu nom. Tot passant per algunes de les seves obsessions m\u00e9s conegudes, les diverses personalitats del polifac\u00e8tic artista\u2026","rel":"","context":"Entrada similar","block_context":{"text":"Entrada similar","link":""},"img":{"alt_text":"salvador-dal\u00ed","src":"https:\/\/i0.wp.com\/crater.cat\/wp-content\/uploads\/2025\/12\/9788412828672cartaobertaasalvadordali.jpg?fit=755%2C1200&ssl=1&resize=350%2C200","width":350,"height":200,"srcset":"https:\/\/i0.wp.com\/crater.cat\/wp-content\/uploads\/2025\/12\/9788412828672cartaobertaasalvadordali.jpg?fit=755%2C1200&ssl=1&resize=350%2C200 1x, https:\/\/i0.wp.com\/crater.cat\/wp-content\/uploads\/2025\/12\/9788412828672cartaobertaasalvadordali.jpg?fit=755%2C1200&ssl=1&resize=525%2C300 1.5x, https:\/\/i0.wp.com\/crater.cat\/wp-content\/uploads\/2025\/12\/9788412828672cartaobertaasalvadordali.jpg?fit=755%2C1200&ssl=1&resize=700%2C400 2x"},"classes":[]},{"id":1116,"url":"https:\/\/crater.cat\/index.php\/producte\/en-el-nostre-temps\/","url_meta":{"origin":2731,"position":3},"title":"En el nostre temps","author":"Edicions del Cr\u00e0ter","date":"13\/09\/2022","format":false,"excerpt":"En el nostre temps \u00e9s el primer recull de narracions breus d\u2019Ernest Hemingway i tota una revoluci\u00f3 en el relat en llengua anglesa. Centrat en l\u2019acci\u00f3, preocupat per aconseguir frases s\u00f2lides i honestes, \u00e9s el primer gran experiment de Hemingway amb la seva teoria de l\u2019iceberg, segons la qual nom\u00e9s\u2026","rel":"","context":"Entrada similar","block_context":{"text":"Entrada similar","link":""},"img":{"alt_text":"Hemingway - En el nostre temps","src":"https:\/\/i0.wp.com\/crater.cat\/wp-content\/uploads\/2022\/09\/COBERTA-EN-EL-NOSTRE-TEMPS_baixa-webp.webp?fit=720%2C1145&ssl=1&resize=350%2C200","width":350,"height":200,"srcset":"https:\/\/i0.wp.com\/crater.cat\/wp-content\/uploads\/2022\/09\/COBERTA-EN-EL-NOSTRE-TEMPS_baixa-webp.webp?fit=720%2C1145&ssl=1&resize=350%2C200 1x, https:\/\/i0.wp.com\/crater.cat\/wp-content\/uploads\/2022\/09\/COBERTA-EN-EL-NOSTRE-TEMPS_baixa-webp.webp?fit=720%2C1145&ssl=1&resize=525%2C300 1.5x, https:\/\/i0.wp.com\/crater.cat\/wp-content\/uploads\/2022\/09\/COBERTA-EN-EL-NOSTRE-TEMPS_baixa-webp.webp?fit=720%2C1145&ssl=1&resize=700%2C400 2x"},"classes":[]}],"_links":{"self":[{"href":"https:\/\/crater.cat\/index.php\/wp-json\/wp\/v2\/product\/2731","targetHints":{"allow":["GET"]}}],"collection":[{"href":"https:\/\/crater.cat\/index.php\/wp-json\/wp\/v2\/product"}],"about":[{"href":"https:\/\/crater.cat\/index.php\/wp-json\/wp\/v2\/types\/product"}],"author":[{"embeddable":true,"href":"https:\/\/crater.cat\/index.php\/wp-json\/wp\/v2\/users\/1"}],"wp:featuredmedia":[{"embeddable":true,"href":"https:\/\/crater.cat\/index.php\/wp-json\/wp\/v2\/media\/2732"}],"wp:attachment":[{"href":"https:\/\/crater.cat\/index.php\/wp-json\/wp\/v2\/media?parent=2731"}],"wp:term":[{"taxonomy":"product_brand","embeddable":true,"href":"https:\/\/crater.cat\/index.php\/wp-json\/wp\/v2\/product_brand?post=2731"},{"taxonomy":"product_cat","embeddable":true,"href":"https:\/\/crater.cat\/index.php\/wp-json\/wp\/v2\/product_cat?post=2731"},{"taxonomy":"product_tag","embeddable":true,"href":"https:\/\/crater.cat\/index.php\/wp-json\/wp\/v2\/product_tag?post=2731"},{"taxonomy":"author","embeddable":true,"href":"https:\/\/crater.cat\/index.php\/wp-json\/wp\/v2\/ppma_author?post=2731"}],"curies":[{"name":"wp","href":"https:\/\/api.w.org\/{rel}","templated":true}]}}