{"id":4215,"date":"2025-12-20T13:54:06","date_gmt":"2025-12-20T12:54:06","guid":{"rendered":"https:\/\/crater.cat\/?post_type=product&#038;p=4215"},"modified":"2025-12-20T14:26:19","modified_gmt":"2025-12-20T13:26:19","slug":"carta-oberta-a-salvador-dali","status":"publish","type":"product","link":"https:\/\/crater.cat\/index.php\/producte\/carta-oberta-a-salvador-dali\/","title":{"rendered":"Carta oberta a Salvador Dal\u00ed"},"content":{"rendered":"<p>Autor: Salvador Dal\u00ed<br \/>\nTraducci\u00f3: Val\u00e8ria Gaillard<br \/>\nCol\u00b7lecci\u00f3 Magnetar<br \/>\nMides: 120 x 194<br \/>\nN\u00ba de p\u00e0gines: 152<br \/>\nISBN: 978-84-128286-7-2<br \/>\n1a edici\u00f3: gener de 2026<\/p>\n","protected":false},"excerpt":{"rendered":"<p>Les diferents cares de Salvador Dal\u00ed participen en aquest intercanvi epistolar, en particular el Salvador Dal\u00ed \u00abgeni\u00bb i el Salvador Dal\u00ed \u00abavidadollars\u00bb \u2014el conegut anagrama que Andr\u00e9 Breton va crear amb el seu nom. Tot passant per algunes de les seves obsessions m\u00e9s conegudes, les diverses personalitats del polifac\u00e8tic artista se\u2019n fumen dels que li pengen etiquetes. A banda de recordar certs moments hilarants de la seva arribada a Nova York, Dal\u00ed enumera amb el seu estil inconfusible alguns dels seus pensaments m\u00e9s coneguts, com ara la centralitat mundial de l\u2019estaci\u00f3 de Perpiny\u00e0 o el seu ideal mon\u00e0rquic. A m\u00e9s, no s\u2019est\u00e0 de llan\u00e7ar dards enverinats cap a personalitats com Le Corbusier i frueix valorant la feina d\u2019altres mestres de la pintura, tot plegat sense perdre mai l\u2019humor i el llenguatge simb\u00f2lic i grandiloq\u00fcent tan caracter\u00edstic d\u2019un personatge ineludible des del punt de vista hist\u00f2ric, art\u00edstic i nacional.<\/p>\n","protected":false},"author":1,"featured_media":4216,"template":"","meta":{"cybocfi_hide_featured_image":"","jetpack_publicize_message":"","jetpack_publicize_feature_enabled":true,"jetpack_social_post_already_shared":true,"jetpack_social_options":{"image_generator_settings":{"template":"highway","default_image_id":0,"font":"","enabled":false},"version":2}},"product_brand":[],"product_cat":[21],"product_tag":[119,118,116,121,117],"ppma_author":[115],"class_list":{"0":"post-4215","1":"product","2":"type-product","3":"status-publish","4":"has-post-thumbnail","6":"product_cat-magnetar","7":"product_tag-art-i-literatura-segle-xx","8":"product_tag-avantguardes-europees","9":"product_tag-dali","10":"product_tag-manifest","11":"product_tag-surrealisme","13":"first","14":"instock","15":"shipping-taxable","16":"purchasable","17":"product-type-simple"},"aioseo_notices":[],"jetpack_publicize_connections":[],"jetpack_sharing_enabled":true,"jetpack-related-posts":[{"id":145,"url":"https:\/\/crater.cat\/index.php\/producte\/contes-de-la-becada-de-guy-de-maupassant\/","url_meta":{"origin":4215,"position":0},"title":"Contes de la becada","author":"Edicions del Cr\u00e0ter","date":"15\/08\/2021","format":false,"excerpt":"La qualitat m\u00e9s lloada de Maupassant \u00e9s la frase senzilla, feta aparentment sense esfor\u00e7, que pinta personatges que prenen vida amb una economia verbal sorprenent. Els Contes de la becada en s\u00f3n un exemple perfecte, un dibuix n\u00edtid dels paisatges i els habitants de la Normandia natal de l\u2019escriptor, del\u2026","rel":"","context":"Entrada similar","block_context":{"text":"Entrada similar","link":""},"img":{"alt_text":"Guy de Maupassant - Contes de la becada","src":"https:\/\/i0.wp.com\/crater.cat\/wp-content\/uploads\/2021\/08\/COBERTA-CONTES-DE-LA-BECADA-webp.webp?fit=755%2C1200&ssl=1&resize=350%2C200","width":350,"height":200,"srcset":"https:\/\/i0.wp.com\/crater.cat\/wp-content\/uploads\/2021\/08\/COBERTA-CONTES-DE-LA-BECADA-webp.webp?fit=755%2C1200&ssl=1&resize=350%2C200 1x, https:\/\/i0.wp.com\/crater.cat\/wp-content\/uploads\/2021\/08\/COBERTA-CONTES-DE-LA-BECADA-webp.webp?fit=755%2C1200&ssl=1&resize=525%2C300 1.5x, https:\/\/i0.wp.com\/crater.cat\/wp-content\/uploads\/2021\/08\/COBERTA-CONTES-DE-LA-BECADA-webp.webp?fit=755%2C1200&ssl=1&resize=700%2C400 2x"},"classes":[]},{"id":2659,"url":"https:\/\/crater.cat\/index.php\/producte\/diaris\/","url_meta":{"origin":4215,"position":1},"title":"Diaris","author":"Sylvia Plath","date":"26\/08\/2024","format":false,"excerpt":"Els Diaris s\u00f3n una de les produccions amb m\u00e9s for\u00e7a de Sylvia Plath, no nom\u00e9s des del punt de vista vivencial, sin\u00f3 tamb\u00e9 de la qualitat liter\u00e0ria. Comen\u00e7ats ja en l\u2019adolesc\u00e8ncia, mostren l\u2019obsessi\u00f3 de l\u2019autora per dur una vida focalitzada en la literatura i de mantenir un ritme d\u2019escriptura constant.\u2026","rel":"","context":"Entrada similar","block_context":{"text":"Entrada similar","link":""},"img":{"alt_text":"Diaris-Plath_COBERTA","src":"https:\/\/i0.wp.com\/crater.cat\/wp-content\/uploads\/2024\/08\/thumbnail_CRATER_Diaris-Plath_COBERTA_alta-AAFF-scaled.webp?fit=754%2C1200&ssl=1&resize=350%2C200","width":350,"height":200,"srcset":"https:\/\/i0.wp.com\/crater.cat\/wp-content\/uploads\/2024\/08\/thumbnail_CRATER_Diaris-Plath_COBERTA_alta-AAFF-scaled.webp?fit=754%2C1200&ssl=1&resize=350%2C200 1x, https:\/\/i0.wp.com\/crater.cat\/wp-content\/uploads\/2024\/08\/thumbnail_CRATER_Diaris-Plath_COBERTA_alta-AAFF-scaled.webp?fit=754%2C1200&ssl=1&resize=525%2C300 1.5x, https:\/\/i0.wp.com\/crater.cat\/wp-content\/uploads\/2024\/08\/thumbnail_CRATER_Diaris-Plath_COBERTA_alta-AAFF-scaled.webp?fit=754%2C1200&ssl=1&resize=700%2C400 2x"},"classes":[]},{"id":1385,"url":"https:\/\/crater.cat\/index.php\/producte\/cartes-1838-1867\/","url_meta":{"origin":4215,"position":2},"title":"Cartes (1838-1867)","author":"Edicions del Cr\u00e0ter","date":"09\/02\/2023","format":false,"excerpt":"Gaireb\u00e9 es podria dir que la vida de Dostoievski \u00e9s m\u00e9s intensa que les seves obres, i els anys m\u00e9s convulsos s\u00f3n els que transcorren entre 1838 i 1867. Aquesta correspond\u00e8ncia mostra com va viure esdeveniments tan coneguts com l\u2019\u00e8xit de joventut, la condemna a mort i el presidi, i\u2026","rel":"","context":"Entrada similar","block_context":{"text":"Entrada similar","link":""},"img":{"alt_text":"Dostoievski - Cartes I","src":"https:\/\/i0.wp.com\/crater.cat\/wp-content\/uploads\/2023\/02\/CARTES-COBERTA_baixa-webp.webp?fit=755%2C1200&ssl=1&resize=350%2C200","width":350,"height":200,"srcset":"https:\/\/i0.wp.com\/crater.cat\/wp-content\/uploads\/2023\/02\/CARTES-COBERTA_baixa-webp.webp?fit=755%2C1200&ssl=1&resize=350%2C200 1x, https:\/\/i0.wp.com\/crater.cat\/wp-content\/uploads\/2023\/02\/CARTES-COBERTA_baixa-webp.webp?fit=755%2C1200&ssl=1&resize=525%2C300 1.5x, https:\/\/i0.wp.com\/crater.cat\/wp-content\/uploads\/2023\/02\/CARTES-COBERTA_baixa-webp.webp?fit=755%2C1200&ssl=1&resize=700%2C400 2x"},"classes":[]},{"id":732,"url":"https:\/\/crater.cat\/index.php\/producte\/inferno\/","url_meta":{"origin":4215,"position":3},"title":"Inferno","author":"Edicions del Cr\u00e0ter","date":"02\/03\/2022","format":false,"excerpt":"Entre 1894 i 1897, Strindberg viu una apoteosi de follia. Immers en experiments alqu\u00edmics i encegat per teories ocultistes, \u00e9s posse\u00eft per una mania persecut\u00f2ria que el porta a crear les teories m\u00e9s rocambolesques sobre les intencions dels seus enemics, mentre es pregunta sobre el funcionament del m\u00f3n amb raonaments\u2026","rel":"","context":"Entrada similar","block_context":{"text":"Entrada similar","link":""},"img":{"alt_text":"August Strindberg - Inferno","src":"https:\/\/i0.wp.com\/crater.cat\/wp-content\/uploads\/2022\/03\/Coberta-Inferno-webp.webp?fit=754%2C1200&ssl=1&resize=350%2C200","width":350,"height":200,"srcset":"https:\/\/i0.wp.com\/crater.cat\/wp-content\/uploads\/2022\/03\/Coberta-Inferno-webp.webp?fit=754%2C1200&ssl=1&resize=350%2C200 1x, https:\/\/i0.wp.com\/crater.cat\/wp-content\/uploads\/2022\/03\/Coberta-Inferno-webp.webp?fit=754%2C1200&ssl=1&resize=525%2C300 1.5x, https:\/\/i0.wp.com\/crater.cat\/wp-content\/uploads\/2022\/03\/Coberta-Inferno-webp.webp?fit=754%2C1200&ssl=1&resize=700%2C400 2x"},"classes":[]},{"id":3363,"url":"https:\/\/crater.cat\/index.php\/producte\/els-seus-ulls-miraven-deu\/","url_meta":{"origin":4215,"position":4},"title":"Els seus ulls miraven D\u00e9u","author":"Edicions del Cr\u00e0ter","date":"16\/09\/2025","format":false,"excerpt":"En una petita comunitat negra del sud dels Estats Units, a principis del segle XX, Janie Crawford empr\u00e8n un viatge vital que la portar\u00e0 a desafiar les convencions de g\u00e8nere, ra\u00e7a i classe. A trav\u00e9s de tres matrimonis i nombroses p\u00e8rdues, Janie apr\u00e8n a ordenar les seves prioritats, tot cercant\u2026","rel":"","context":"Entrada similar","block_context":{"text":"Entrada similar","link":""},"img":{"alt_text":"","src":"https:\/\/i0.wp.com\/crater.cat\/wp-content\/uploads\/2025\/09\/2-AAFF_COB_ELS-SEUS-ULLS_frontal-baixa.jpg?fit=754%2C1200&ssl=1&resize=350%2C200","width":350,"height":200,"srcset":"https:\/\/i0.wp.com\/crater.cat\/wp-content\/uploads\/2025\/09\/2-AAFF_COB_ELS-SEUS-ULLS_frontal-baixa.jpg?fit=754%2C1200&ssl=1&resize=350%2C200 1x, https:\/\/i0.wp.com\/crater.cat\/wp-content\/uploads\/2025\/09\/2-AAFF_COB_ELS-SEUS-ULLS_frontal-baixa.jpg?fit=754%2C1200&ssl=1&resize=525%2C300 1.5x, https:\/\/i0.wp.com\/crater.cat\/wp-content\/uploads\/2025\/09\/2-AAFF_COB_ELS-SEUS-ULLS_frontal-baixa.jpg?fit=754%2C1200&ssl=1&resize=700%2C400 2x"},"classes":[]},{"id":550,"url":"https:\/\/crater.cat\/index.php\/producte\/els-arbres-de-lorgull\/","url_meta":{"origin":4215,"position":5},"title":"Els arbres de l&#8217;orgull","author":"Edicions del Cr\u00e0ter","date":"09\/02\/2022","format":false,"excerpt":"Uns arbres ex\u00f2tics portats de l\u2019\u00c0frica creixen a la punta de Cornualla, dins les terres de la fam\u00edlia Vane. El seu aspecte fantasmag\u00f2ric atemoreix els habitants de la regi\u00f3, alhora que uns misteriosos personatges es reuneixen a casa de la fam\u00edlia. Tot est\u00e0 a punt perqu\u00e8 es desencadeni el que\u2026","rel":"","context":"Entrada similar","block_context":{"text":"Entrada similar","link":""},"img":{"alt_text":"Chesterton - Els arbres de l'orgull","src":"https:\/\/i0.wp.com\/crater.cat\/wp-content\/uploads\/2022\/02\/portada-ARBRES-DE-LORGULL_BAIXA-webp.webp?fit=720%2C1146&ssl=1&resize=350%2C200","width":350,"height":200,"srcset":"https:\/\/i0.wp.com\/crater.cat\/wp-content\/uploads\/2022\/02\/portada-ARBRES-DE-LORGULL_BAIXA-webp.webp?fit=720%2C1146&ssl=1&resize=350%2C200 1x, https:\/\/i0.wp.com\/crater.cat\/wp-content\/uploads\/2022\/02\/portada-ARBRES-DE-LORGULL_BAIXA-webp.webp?fit=720%2C1146&ssl=1&resize=525%2C300 1.5x, https:\/\/i0.wp.com\/crater.cat\/wp-content\/uploads\/2022\/02\/portada-ARBRES-DE-LORGULL_BAIXA-webp.webp?fit=720%2C1146&ssl=1&resize=700%2C400 2x"},"classes":[]}],"_links":{"self":[{"href":"https:\/\/crater.cat\/index.php\/wp-json\/wp\/v2\/product\/4215","targetHints":{"allow":["GET"]}}],"collection":[{"href":"https:\/\/crater.cat\/index.php\/wp-json\/wp\/v2\/product"}],"about":[{"href":"https:\/\/crater.cat\/index.php\/wp-json\/wp\/v2\/types\/product"}],"author":[{"embeddable":true,"href":"https:\/\/crater.cat\/index.php\/wp-json\/wp\/v2\/users\/1"}],"wp:featuredmedia":[{"embeddable":true,"href":"https:\/\/crater.cat\/index.php\/wp-json\/wp\/v2\/media\/4216"}],"wp:attachment":[{"href":"https:\/\/crater.cat\/index.php\/wp-json\/wp\/v2\/media?parent=4215"}],"wp:term":[{"taxonomy":"product_brand","embeddable":true,"href":"https:\/\/crater.cat\/index.php\/wp-json\/wp\/v2\/product_brand?post=4215"},{"taxonomy":"product_cat","embeddable":true,"href":"https:\/\/crater.cat\/index.php\/wp-json\/wp\/v2\/product_cat?post=4215"},{"taxonomy":"product_tag","embeddable":true,"href":"https:\/\/crater.cat\/index.php\/wp-json\/wp\/v2\/product_tag?post=4215"},{"taxonomy":"author","embeddable":true,"href":"https:\/\/crater.cat\/index.php\/wp-json\/wp\/v2\/ppma_author?post=4215"}],"curies":[{"name":"wp","href":"https:\/\/api.w.org\/{rel}","templated":true}]}}