{"id":5388,"date":"2026-03-23T08:56:08","date_gmt":"2026-03-23T07:56:08","guid":{"rendered":"https:\/\/crater.cat\/?post_type=product&#038;p=5388"},"modified":"2026-03-24T17:20:18","modified_gmt":"2026-03-24T16:20:18","slug":"meravelles-tan-breus","status":"publish","type":"product","link":"https:\/\/crater.cat\/index.php\/producte\/meravelles-tan-breus\/","title":{"rendered":"Meravelles tan breus"},"content":{"rendered":"<p>Autor: Josep Torell\u00f3<br \/>\nCol\u00b7lecci\u00f3 Mirall<br \/>\nMides: 120 x 194<br \/>\nN\u00ba de p\u00e0gines: 208<br \/>\nISBN: 979-13-991695-0-8<br \/>\n1a edici\u00f3: mar\u00e7 de 2026<\/p>\n","protected":false},"excerpt":{"rendered":"<p><em>Meravelles tan breus<\/em> \u00e9s una novel\u00b7la l\u00edrica i fragment\u00e0ria sobre la joventut, la creaci\u00f3 i la p\u00e8rdua. A trav\u00e9s d\u2019un joc de veus \u2014tu, nosaltres i ella\u2014, el llibre recorre la mem\u00f2ria d\u2019una generaci\u00f3 que va creure tocar la plenitud: l\u2019art, la nit, l\u2019amor, la ciutat i la sensaci\u00f3 d\u2019haver viscut, ni que fos per instants, una forma d\u2019eternitat. El \u00abtu\u00bb \u00e9s el relat \u00edntim d\u2019un creador marcat per una pres\u00e8ncia absoluta que dona sentit a tot i que, en desapar\u00e8ixer, deixa un buit irreversible. El \u00abnosaltres\u00bb retrata una generaci\u00f3 desencantada, atrapada entre les promeses del progr\u00e9s i el f\u00e0stic d\u2019un present que no acaba de pert\u00e0nyer-li. \u00abElla\u00bb, artista i figura magn\u00e8tica, encarna el desig de durar i la convicci\u00f3 que nom\u00e9s la creaci\u00f3 pot desafiar la desaparici\u00f3. Amb una prosa intensa, musical i profundament urbana, <em>Meravelles tan breus<\/em> reflexiona sobre la bellesa fuga\u00e7, el preu de la lucidesa i la ferida d\u2019haver estimat i viscut amb exc\u00e9s.<\/p>\n","protected":false},"author":1,"featured_media":5389,"template":"","meta":{"cybocfi_hide_featured_image":"","jetpack_publicize_message":"","jetpack_publicize_feature_enabled":true,"jetpack_social_post_already_shared":true,"jetpack_social_options":{"image_generator_settings":{"template":"highway","default_image_id":0,"font":"","enabled":false},"version":2}},"product_brand":[],"product_cat":[106],"product_tag":[123,124,128,129,125,126,127],"ppma_author":[130],"class_list":{"0":"post-5388","1":"product","2":"type-product","3":"status-publish","4":"has-post-thumbnail","6":"product_cat-mirall","7":"product_tag-barcelona","8":"product_tag-creativitat","9":"product_tag-desig","10":"product_tag-joventut","11":"product_tag-rock","12":"product_tag-suicidi","13":"product_tag-vocacio","15":"first","16":"instock","17":"shipping-taxable","18":"purchasable","19":"product-type-simple"},"aioseo_notices":[],"jetpack_publicize_connections":[],"jetpack_sharing_enabled":true,"jetpack-related-posts":[{"id":1863,"url":"https:\/\/crater.cat\/index.php\/producte\/com-em-vaig-escapar-de-la-preso-de-venecia-la-meva-fuga-dels-ploms\/","url_meta":{"origin":5388,"position":0},"title":"Com em vaig escapar de la pres\u00f3 de Ven\u00e8cia","author":"Edicions del Cr\u00e0ter","date":"16\/10\/2023","format":false,"excerpt":"La meva fuga d'Els Ploms Amb trenta anys, Giacomo Casanova \u00e9s detingut per heretgia a Ven\u00e8cia i tancat a Els Ploms, la pres\u00f3 del Palau Ducal. Quan compr\u00e8n que no en ser\u00e0 alliberat aviat, centra tota l\u2019energia a idear una forma de fugir-ne. Aquesta \u00e9s la hist\u00f2ria d\u2019alg\u00fa que encara\u2026","rel":"","context":"Entrada similar","block_context":{"text":"Entrada similar","link":""},"img":{"alt_text":"Giacomo Casanova Ven\u00e8cia Ploms","src":"https:\/\/i0.wp.com\/crater.cat\/wp-content\/uploads\/2024\/03\/3-AAFF-COB-FUGIDA-PRESO-Casanova_baixa.webp?fit=755%2C1200&ssl=1&resize=350%2C200","width":350,"height":200,"srcset":"https:\/\/i0.wp.com\/crater.cat\/wp-content\/uploads\/2024\/03\/3-AAFF-COB-FUGIDA-PRESO-Casanova_baixa.webp?fit=755%2C1200&ssl=1&resize=350%2C200 1x, https:\/\/i0.wp.com\/crater.cat\/wp-content\/uploads\/2024\/03\/3-AAFF-COB-FUGIDA-PRESO-Casanova_baixa.webp?fit=755%2C1200&ssl=1&resize=525%2C300 1.5x, https:\/\/i0.wp.com\/crater.cat\/wp-content\/uploads\/2024\/03\/3-AAFF-COB-FUGIDA-PRESO-Casanova_baixa.webp?fit=755%2C1200&ssl=1&resize=700%2C400 2x"},"classes":[]},{"id":2731,"url":"https:\/\/crater.cat\/index.php\/producte\/onnagata-i-altres-contes\/","url_meta":{"origin":5388,"position":1},"title":"Onnagata i altres contes","author":"Edicions del Cr\u00e0ter","date":"16\/11\/2024","format":false,"excerpt":"Sovint aclamat en l\u2019art de la novel\u00b7la, Yukio Mishima\u00a0va excel\u00b7lir tamb\u00e9 en l\u2019art del conte, on destil\u00b7la el seu domini de la narraci\u00f3 i tracta alguns dels temes que van marcar la seva vida, com ara l\u2019homosexualitat, la relaci\u00f3 amb el cos, la preocupaci\u00f3 pel rumb del seu pa\u00eds o\u2026","rel":"","context":"Entrada similar","block_context":{"text":"Entrada similar","link":""},"img":{"alt_text":"Onnagata i altres contes Mishima","src":"https:\/\/i0.wp.com\/crater.cat\/wp-content\/uploads\/2024\/10\/8-COBERTA-ONNAGATA_webp.webp?fit=720%2C1146&ssl=1&resize=350%2C200","width":350,"height":200,"srcset":"https:\/\/i0.wp.com\/crater.cat\/wp-content\/uploads\/2024\/10\/8-COBERTA-ONNAGATA_webp.webp?fit=720%2C1146&ssl=1&resize=350%2C200 1x, https:\/\/i0.wp.com\/crater.cat\/wp-content\/uploads\/2024\/10\/8-COBERTA-ONNAGATA_webp.webp?fit=720%2C1146&ssl=1&resize=525%2C300 1.5x, https:\/\/i0.wp.com\/crater.cat\/wp-content\/uploads\/2024\/10\/8-COBERTA-ONNAGATA_webp.webp?fit=720%2C1146&ssl=1&resize=700%2C400 2x"},"classes":[]},{"id":1116,"url":"https:\/\/crater.cat\/index.php\/producte\/en-el-nostre-temps\/","url_meta":{"origin":5388,"position":2},"title":"En el nostre temps","author":"Edicions del Cr\u00e0ter","date":"13\/09\/2022","format":false,"excerpt":"En el nostre temps \u00e9s el primer recull de narracions breus d\u2019Ernest Hemingway i tota una revoluci\u00f3 en el relat en llengua anglesa. Centrat en l\u2019acci\u00f3, preocupat per aconseguir frases s\u00f2lides i honestes, \u00e9s el primer gran experiment de Hemingway amb la seva teoria de l\u2019iceberg, segons la qual nom\u00e9s\u2026","rel":"","context":"Entrada similar","block_context":{"text":"Entrada similar","link":""},"img":{"alt_text":"Hemingway - En el nostre temps","src":"https:\/\/i0.wp.com\/crater.cat\/wp-content\/uploads\/2022\/09\/COBERTA-EN-EL-NOSTRE-TEMPS_baixa-webp.webp?fit=720%2C1145&ssl=1&resize=350%2C200","width":350,"height":200,"srcset":"https:\/\/i0.wp.com\/crater.cat\/wp-content\/uploads\/2022\/09\/COBERTA-EN-EL-NOSTRE-TEMPS_baixa-webp.webp?fit=720%2C1145&ssl=1&resize=350%2C200 1x, https:\/\/i0.wp.com\/crater.cat\/wp-content\/uploads\/2022\/09\/COBERTA-EN-EL-NOSTRE-TEMPS_baixa-webp.webp?fit=720%2C1145&ssl=1&resize=525%2C300 1.5x, https:\/\/i0.wp.com\/crater.cat\/wp-content\/uploads\/2022\/09\/COBERTA-EN-EL-NOSTRE-TEMPS_baixa-webp.webp?fit=720%2C1145&ssl=1&resize=700%2C400 2x"},"classes":[]},{"id":1872,"url":"https:\/\/crater.cat\/index.php\/producte\/el-viatge-del-beagle\/","url_meta":{"origin":5388,"position":3},"title":"El viatge del Beagle","author":"Edicions del Cr\u00e0ter","date":"31\/10\/2023","format":false,"excerpt":"Amb nom\u00e9s 22 anys, Charles Darwin s\u2019embarca com a naturalista a l\u2019H.M.S. Beagle, un vaixell capitanejat per Robert FitzRoy que tenia la missi\u00f3 de cartografiar la part austral de l\u2019Am\u00e8rica del Sud i realitzar algunes mesures cronom\u00e8triques al voltant del m\u00f3n. Aquest llibre el va escriure Darwin un cop arribat\u2026","rel":"","context":"Entrada similar","block_context":{"text":"Entrada similar","link":""},"img":{"alt_text":"Charles Darwin - El viatge del Beagle","src":"https:\/\/i0.wp.com\/crater.cat\/wp-content\/uploads\/2023\/10\/4-AAFF-El-viatge-del-Beagle_FRONTAL-BAIXA.webp?fit=754%2C1200&ssl=1&resize=350%2C200","width":350,"height":200,"srcset":"https:\/\/i0.wp.com\/crater.cat\/wp-content\/uploads\/2023\/10\/4-AAFF-El-viatge-del-Beagle_FRONTAL-BAIXA.webp?fit=754%2C1200&ssl=1&resize=350%2C200 1x, https:\/\/i0.wp.com\/crater.cat\/wp-content\/uploads\/2023\/10\/4-AAFF-El-viatge-del-Beagle_FRONTAL-BAIXA.webp?fit=754%2C1200&ssl=1&resize=525%2C300 1.5x, https:\/\/i0.wp.com\/crater.cat\/wp-content\/uploads\/2023\/10\/4-AAFF-El-viatge-del-Beagle_FRONTAL-BAIXA.webp?fit=754%2C1200&ssl=1&resize=700%2C400 2x"},"classes":[]},{"id":4215,"url":"https:\/\/crater.cat\/index.php\/producte\/carta-oberta-a-salvador-dali\/","url_meta":{"origin":5388,"position":4},"title":"Carta oberta a Salvador Dal\u00ed","author":"Edicions del Cr\u00e0ter","date":"20\/12\/2025","format":false,"excerpt":"Les diferents cares de Salvador Dal\u00ed participen en aquest intercanvi epistolar, en particular el Salvador Dal\u00ed \u00abgeni\u00bb i el Salvador Dal\u00ed \u00abavidadollars\u00bb \u2014el conegut anagrama que Andr\u00e9 Breton va crear amb el seu nom. Tot passant per algunes de les seves obsessions m\u00e9s conegudes, les diverses personalitats del polifac\u00e8tic artista\u2026","rel":"","context":"Entrada similar","block_context":{"text":"Entrada similar","link":""},"img":{"alt_text":"salvador-dal\u00ed","src":"https:\/\/i0.wp.com\/crater.cat\/wp-content\/uploads\/2025\/12\/9788412828672cartaobertaasalvadordali.jpg?fit=755%2C1200&ssl=1&resize=350%2C200","width":350,"height":200,"srcset":"https:\/\/i0.wp.com\/crater.cat\/wp-content\/uploads\/2025\/12\/9788412828672cartaobertaasalvadordali.jpg?fit=755%2C1200&ssl=1&resize=350%2C200 1x, https:\/\/i0.wp.com\/crater.cat\/wp-content\/uploads\/2025\/12\/9788412828672cartaobertaasalvadordali.jpg?fit=755%2C1200&ssl=1&resize=525%2C300 1.5x, https:\/\/i0.wp.com\/crater.cat\/wp-content\/uploads\/2025\/12\/9788412828672cartaobertaasalvadordali.jpg?fit=755%2C1200&ssl=1&resize=700%2C400 2x"},"classes":[]},{"id":2991,"url":"https:\/\/crater.cat\/index.php\/producte\/tango-satanic\/","url_meta":{"origin":5388,"position":5},"title":"Tango sat\u00e0nic","author":"Edicions del Cr\u00e0ter","date":"13\/03\/2025","format":false,"excerpt":"Sota la intensa pluja i l\u2019atmosfera ombr\u00edvola d\u2019un petit poble rural, en una Hongria encara sota el jou comunista, els habitants esperen l\u2019arribada imminent de l\u2019Irimi\u00e1s. Sembla l\u2019\u00fanica figura capa\u00e7 de generar certa esperan\u00e7a en el claustrof\u00f2bic infern amarat de p\u00e0linka d\u2019una col\u00f2nia d\u2019on tots volen escapar. Resseguint els fils\u2026","rel":"","context":"Entrada similar","block_context":{"text":"Entrada similar","link":""},"img":{"alt_text":"Tango sat\u00e0nic","src":"https:\/\/i0.wp.com\/crater.cat\/wp-content\/uploads\/2025\/03\/TANGO-SATANIC_Webp.webp?fit=755%2C1200&ssl=1&resize=350%2C200","width":350,"height":200,"srcset":"https:\/\/i0.wp.com\/crater.cat\/wp-content\/uploads\/2025\/03\/TANGO-SATANIC_Webp.webp?fit=755%2C1200&ssl=1&resize=350%2C200 1x, https:\/\/i0.wp.com\/crater.cat\/wp-content\/uploads\/2025\/03\/TANGO-SATANIC_Webp.webp?fit=755%2C1200&ssl=1&resize=525%2C300 1.5x, https:\/\/i0.wp.com\/crater.cat\/wp-content\/uploads\/2025\/03\/TANGO-SATANIC_Webp.webp?fit=755%2C1200&ssl=1&resize=700%2C400 2x"},"classes":[]}],"_links":{"self":[{"href":"https:\/\/crater.cat\/index.php\/wp-json\/wp\/v2\/product\/5388","targetHints":{"allow":["GET"]}}],"collection":[{"href":"https:\/\/crater.cat\/index.php\/wp-json\/wp\/v2\/product"}],"about":[{"href":"https:\/\/crater.cat\/index.php\/wp-json\/wp\/v2\/types\/product"}],"author":[{"embeddable":true,"href":"https:\/\/crater.cat\/index.php\/wp-json\/wp\/v2\/users\/1"}],"wp:featuredmedia":[{"embeddable":true,"href":"https:\/\/crater.cat\/index.php\/wp-json\/wp\/v2\/media\/5389"}],"wp:attachment":[{"href":"https:\/\/crater.cat\/index.php\/wp-json\/wp\/v2\/media?parent=5388"}],"wp:term":[{"taxonomy":"product_brand","embeddable":true,"href":"https:\/\/crater.cat\/index.php\/wp-json\/wp\/v2\/product_brand?post=5388"},{"taxonomy":"product_cat","embeddable":true,"href":"https:\/\/crater.cat\/index.php\/wp-json\/wp\/v2\/product_cat?post=5388"},{"taxonomy":"product_tag","embeddable":true,"href":"https:\/\/crater.cat\/index.php\/wp-json\/wp\/v2\/product_tag?post=5388"},{"taxonomy":"author","embeddable":true,"href":"https:\/\/crater.cat\/index.php\/wp-json\/wp\/v2\/ppma_author?post=5388"}],"curies":[{"name":"wp","href":"https:\/\/api.w.org\/{rel}","templated":true}]}}