{"id":5499,"date":"2026-04-17T15:52:18","date_gmt":"2026-04-17T13:52:18","guid":{"rendered":"https:\/\/crater.cat\/?post_type=product&#038;p=5499"},"modified":"2026-04-20T08:52:18","modified_gmt":"2026-04-20T06:52:18","slug":"cartes-1867-1881","status":"publish","type":"product","link":"https:\/\/crater.cat\/index.php\/producte\/cartes-1867-1881\/","title":{"rendered":"Cartes (1867-1881)"},"content":{"rendered":"<p>Autor: Fi\u00f3dor M. Dostoievski<br \/>\nCol\u00b7lecci\u00f3 Magnetar<br \/>\nMides: 130 x 210<br \/>\nN\u00ba de p\u00e0gines: 584<br \/>\nISBN: 978-84-128286-9-6<br \/>\n1a edici\u00f3: abril de 2026<\/p>\n","protected":false},"excerpt":{"rendered":"<p>Aquest volum mostra un epistolari m\u00e9s dens i reflexiu, on la quotidianitat conviu amb la gestaci\u00f3 de grans projectes literaris, els debats ideol\u00f2gics, les relacions amb figures rellevants del m\u00f3n cultural i els primers signes de conflicte interior. La correspond\u00e8ncia revela un subjecte escindit entre l\u2019obedi\u00e8ncia i la llibertat, entre la fidelitat a una missi\u00f3 percebuda com a superior i el desig d\u2019autonomia personal i creativa.<\/p>\n<p>En continu\u00eftat amb el primer volum (1838\u20131867), per\u00f2 amb un to m\u00e9s greu i conscient,\u00a0<em>Cartes (1867\u20131881)\u00a0<\/em>permet seguir l\u2019evoluci\u00f3 humana i intel\u00b7lectual de l\u2019autor en un moment decisiu, alhora que ofereix un retrat viu del context cultural, pol\u00edtic i espiritual de la segona meitat del segle XIX, convertint l\u2019epistolari en una pe\u00e7a fonamental per entendre tant l\u2019obra com el temps que la va fer possible.<\/p>\n","protected":false},"author":1,"featured_media":5508,"template":"","meta":{"cybocfi_hide_featured_image":"yes","jetpack_publicize_message":"","jetpack_publicize_feature_enabled":true,"jetpack_social_post_already_shared":true,"jetpack_social_options":{"image_generator_settings":{"template":"highway","default_image_id":0,"font":"","enabled":false},"version":2}},"product_brand":[],"product_cat":[21],"product_tag":[132,133,131,113,134,135],"ppma_author":[71],"class_list":{"0":"post-5499","1":"product","2":"type-product","3":"status-publish","4":"has-post-thumbnail","6":"product_cat-magnetar","7":"product_tag-cartes","8":"product_tag-correspondencia","9":"product_tag-dostoievski","10":"product_tag-europa","11":"product_tag-fe","12":"product_tag-russia","14":"first","15":"instock","16":"shipping-taxable","17":"purchasable","18":"product-type-simple"},"aioseo_notices":[],"jetpack_publicize_connections":[],"jetpack_sharing_enabled":true,"jetpack-related-posts":[{"id":1385,"url":"https:\/\/crater.cat\/index.php\/producte\/cartes-1838-1867\/","url_meta":{"origin":5499,"position":0},"title":"Cartes (1838-1867)","author":"Edicions del Cr\u00e0ter","date":"09\/02\/2023","format":false,"excerpt":"Gaireb\u00e9 es podria dir que la vida de Dostoievski \u00e9s m\u00e9s intensa que les seves obres, i els anys m\u00e9s convulsos s\u00f3n els que transcorren entre 1838 i 1867. Aquesta correspond\u00e8ncia mostra com va viure esdeveniments tan coneguts com l\u2019\u00e8xit de joventut, la condemna a mort i el presidi, i\u2026","rel":"","context":"Entrada similar","block_context":{"text":"Entrada similar","link":""},"img":{"alt_text":"Dostoievski - Cartes I","src":"https:\/\/i0.wp.com\/crater.cat\/wp-content\/uploads\/2023\/02\/CARTES-COBERTA_baixa-webp.webp?fit=755%2C1200&ssl=1&resize=350%2C200","width":350,"height":200,"srcset":"https:\/\/i0.wp.com\/crater.cat\/wp-content\/uploads\/2023\/02\/CARTES-COBERTA_baixa-webp.webp?fit=755%2C1200&ssl=1&resize=350%2C200 1x, https:\/\/i0.wp.com\/crater.cat\/wp-content\/uploads\/2023\/02\/CARTES-COBERTA_baixa-webp.webp?fit=755%2C1200&ssl=1&resize=525%2C300 1.5x, https:\/\/i0.wp.com\/crater.cat\/wp-content\/uploads\/2023\/02\/CARTES-COBERTA_baixa-webp.webp?fit=755%2C1200&ssl=1&resize=700%2C400 2x"},"classes":[]},{"id":3003,"url":"https:\/\/crater.cat\/index.php\/producte\/3003\/","url_meta":{"origin":5499,"position":1},"title":"El setge de Sebast\u00f2pol","author":"Edicions del Cr\u00e0ter","date":"31\/03\/2025","format":false,"excerpt":"El 1854, amb nom\u00e9s vint-i-sis anys i acabat d\u2019allistar a l\u2019ex\u00e8rcit, Lev Tolstoi va arribar a Crimea per servir-hi com a oficial d\u2019artilleria. Les forces brit\u00e0niques, franceses, otomanes i piemonteses guanyaven terreny contra l\u2019ex\u00e8rcit rus i assetjaven la ciutat de Sebast\u00f2pol. Tolstoi hi va viure el setge d\u2019onze mesos que\u2026","rel":"","context":"Entrada similar","block_context":{"text":"Entrada similar","link":""},"img":{"alt_text":"EL-SETGE-DE-SEBASTOPOL","src":"https:\/\/i0.wp.com\/crater.cat\/wp-content\/uploads\/2025\/03\/9-aaff_EL-SETGE-DE-SEBASTOPOL-scaled.webp?fit=755%2C1200&ssl=1&resize=350%2C200","width":350,"height":200,"srcset":"https:\/\/i0.wp.com\/crater.cat\/wp-content\/uploads\/2025\/03\/9-aaff_EL-SETGE-DE-SEBASTOPOL-scaled.webp?fit=755%2C1200&ssl=1&resize=350%2C200 1x, https:\/\/i0.wp.com\/crater.cat\/wp-content\/uploads\/2025\/03\/9-aaff_EL-SETGE-DE-SEBASTOPOL-scaled.webp?fit=755%2C1200&ssl=1&resize=525%2C300 1.5x, https:\/\/i0.wp.com\/crater.cat\/wp-content\/uploads\/2025\/03\/9-aaff_EL-SETGE-DE-SEBASTOPOL-scaled.webp?fit=755%2C1200&ssl=1&resize=700%2C400 2x"},"classes":[]},{"id":145,"url":"https:\/\/crater.cat\/index.php\/producte\/contes-de-la-becada-de-guy-de-maupassant\/","url_meta":{"origin":5499,"position":2},"title":"Contes de la becada","author":"Edicions del Cr\u00e0ter","date":"15\/08\/2021","format":false,"excerpt":"La qualitat m\u00e9s lloada de Maupassant \u00e9s la frase senzilla, feta aparentment sense esfor\u00e7, que pinta personatges que prenen vida amb una economia verbal sorprenent. Els Contes de la becada en s\u00f3n un exemple perfecte, un dibuix n\u00edtid dels paisatges i els habitants de la Normandia natal de l\u2019escriptor, del\u2026","rel":"","context":"Entrada similar","block_context":{"text":"Entrada similar","link":""},"img":{"alt_text":"Guy de Maupassant - Contes de la becada","src":"https:\/\/i0.wp.com\/crater.cat\/wp-content\/uploads\/2021\/08\/COBERTA-CONTES-DE-LA-BECADA-webp.webp?fit=755%2C1200&ssl=1&resize=350%2C200","width":350,"height":200,"srcset":"https:\/\/i0.wp.com\/crater.cat\/wp-content\/uploads\/2021\/08\/COBERTA-CONTES-DE-LA-BECADA-webp.webp?fit=755%2C1200&ssl=1&resize=350%2C200 1x, https:\/\/i0.wp.com\/crater.cat\/wp-content\/uploads\/2021\/08\/COBERTA-CONTES-DE-LA-BECADA-webp.webp?fit=755%2C1200&ssl=1&resize=525%2C300 1.5x, https:\/\/i0.wp.com\/crater.cat\/wp-content\/uploads\/2021\/08\/COBERTA-CONTES-DE-LA-BECADA-webp.webp?fit=755%2C1200&ssl=1&resize=700%2C400 2x"},"classes":[]},{"id":961,"url":"https:\/\/crater.cat\/index.php\/producte\/les-mascares-del-desti\/","url_meta":{"origin":5499,"position":3},"title":"Les m\u00e0scares del dest\u00ed","author":"Edicions del Cr\u00e0ter","date":"14\/06\/2022","format":false,"excerpt":"Aquest sembla un text escrit des del m\u00e9s enll\u00e0. La mort l\u2019ocupa tot. Davant nostre s'obre un portal que desdibuixa les fronteres entre els dos mons i transita a poc a poc cap al dest\u00ed ineludible. Terriblement afectada per la mort del seu germ\u00e0 pilot en un\u00a0 accident d\u2019avi\u00f3, Florbela\u2026","rel":"","context":"Entrada similar","block_context":{"text":"Entrada similar","link":""},"img":{"alt_text":"Florbela Espanca - Les m\u00e0scares del dest\u00ed","src":"https:\/\/i0.wp.com\/crater.cat\/wp-content\/uploads\/2022\/06\/Portada-Les-mascares-del-desti-Webp.webp?fit=721%2C1146&ssl=1&resize=350%2C200","width":350,"height":200,"srcset":"https:\/\/i0.wp.com\/crater.cat\/wp-content\/uploads\/2022\/06\/Portada-Les-mascares-del-desti-Webp.webp?fit=721%2C1146&ssl=1&resize=350%2C200 1x, https:\/\/i0.wp.com\/crater.cat\/wp-content\/uploads\/2022\/06\/Portada-Les-mascares-del-desti-Webp.webp?fit=721%2C1146&ssl=1&resize=525%2C300 1.5x, https:\/\/i0.wp.com\/crater.cat\/wp-content\/uploads\/2022\/06\/Portada-Les-mascares-del-desti-Webp.webp?fit=721%2C1146&ssl=1&resize=700%2C400 2x"},"classes":[]},{"id":4215,"url":"https:\/\/crater.cat\/index.php\/producte\/carta-oberta-a-salvador-dali\/","url_meta":{"origin":5499,"position":4},"title":"Carta oberta a Salvador Dal\u00ed","author":"Edicions del Cr\u00e0ter","date":"20\/12\/2025","format":false,"excerpt":"Les diferents cares de Salvador Dal\u00ed participen en aquest intercanvi epistolar, en particular el Salvador Dal\u00ed \u00abgeni\u00bb i el Salvador Dal\u00ed \u00abavidadollars\u00bb \u2014el conegut anagrama que Andr\u00e9 Breton va crear amb el seu nom. Tot passant per algunes de les seves obsessions m\u00e9s conegudes, les diverses personalitats del polifac\u00e8tic artista\u2026","rel":"","context":"Entrada similar","block_context":{"text":"Entrada similar","link":""},"img":{"alt_text":"salvador-dal\u00ed","src":"https:\/\/i0.wp.com\/crater.cat\/wp-content\/uploads\/2025\/12\/9788412828672cartaobertaasalvadordali.jpg?fit=755%2C1200&ssl=1&resize=350%2C200","width":350,"height":200,"srcset":"https:\/\/i0.wp.com\/crater.cat\/wp-content\/uploads\/2025\/12\/9788412828672cartaobertaasalvadordali.jpg?fit=755%2C1200&ssl=1&resize=350%2C200 1x, https:\/\/i0.wp.com\/crater.cat\/wp-content\/uploads\/2025\/12\/9788412828672cartaobertaasalvadordali.jpg?fit=755%2C1200&ssl=1&resize=525%2C300 1.5x, https:\/\/i0.wp.com\/crater.cat\/wp-content\/uploads\/2025\/12\/9788412828672cartaobertaasalvadordali.jpg?fit=755%2C1200&ssl=1&resize=700%2C400 2x"},"classes":[]},{"id":3998,"url":"https:\/\/crater.cat\/index.php\/producte\/deu-anys-dexili\/","url_meta":{"origin":5499,"position":5},"title":"Deu anys d&#8217;exili","author":"Edicions del Cr\u00e0ter","date":"28\/11\/2025","format":false,"excerpt":"Deu anys d\u2019exili (publicat p\u00f2stumament el 1821) \u00e9s el relat autobiogr\u00e0fic en qu\u00e8 Germaine de Sta\u00ebl narra els seus anys de desterrament sota el r\u00e8gim de Napole\u00f3 Bonaparte. L\u2019obra descriu la persecuci\u00f3 pol\u00edtica que pat\u00ed a causa de les seves opinions liberals i la seva oposici\u00f3 al despotisme imperial. De\u2026","rel":"","context":"Entrada similar","block_context":{"text":"Entrada similar","link":""},"img":{"alt_text":"","src":"https:\/\/i0.wp.com\/crater.cat\/wp-content\/uploads\/2025\/11\/8-v2_COB_DEU-ANYS-DEXILI-Mdme-de-Stael-1-scaled.jpg?fit=754%2C1200&ssl=1&resize=350%2C200","width":350,"height":200,"srcset":"https:\/\/i0.wp.com\/crater.cat\/wp-content\/uploads\/2025\/11\/8-v2_COB_DEU-ANYS-DEXILI-Mdme-de-Stael-1-scaled.jpg?fit=754%2C1200&ssl=1&resize=350%2C200 1x, https:\/\/i0.wp.com\/crater.cat\/wp-content\/uploads\/2025\/11\/8-v2_COB_DEU-ANYS-DEXILI-Mdme-de-Stael-1-scaled.jpg?fit=754%2C1200&ssl=1&resize=525%2C300 1.5x, https:\/\/i0.wp.com\/crater.cat\/wp-content\/uploads\/2025\/11\/8-v2_COB_DEU-ANYS-DEXILI-Mdme-de-Stael-1-scaled.jpg?fit=754%2C1200&ssl=1&resize=700%2C400 2x"},"classes":[]}],"_links":{"self":[{"href":"https:\/\/crater.cat\/index.php\/wp-json\/wp\/v2\/product\/5499","targetHints":{"allow":["GET"]}}],"collection":[{"href":"https:\/\/crater.cat\/index.php\/wp-json\/wp\/v2\/product"}],"about":[{"href":"https:\/\/crater.cat\/index.php\/wp-json\/wp\/v2\/types\/product"}],"author":[{"embeddable":true,"href":"https:\/\/crater.cat\/index.php\/wp-json\/wp\/v2\/users\/1"}],"wp:featuredmedia":[{"embeddable":true,"href":"https:\/\/crater.cat\/index.php\/wp-json\/wp\/v2\/media\/5508"}],"wp:attachment":[{"href":"https:\/\/crater.cat\/index.php\/wp-json\/wp\/v2\/media?parent=5499"}],"wp:term":[{"taxonomy":"product_brand","embeddable":true,"href":"https:\/\/crater.cat\/index.php\/wp-json\/wp\/v2\/product_brand?post=5499"},{"taxonomy":"product_cat","embeddable":true,"href":"https:\/\/crater.cat\/index.php\/wp-json\/wp\/v2\/product_cat?post=5499"},{"taxonomy":"product_tag","embeddable":true,"href":"https:\/\/crater.cat\/index.php\/wp-json\/wp\/v2\/product_tag?post=5499"},{"taxonomy":"author","embeddable":true,"href":"https:\/\/crater.cat\/index.php\/wp-json\/wp\/v2\/ppma_author?post=5499"}],"curies":[{"name":"wp","href":"https:\/\/api.w.org\/{rel}","templated":true}]}}